{"id":56,"date":"2025-10-07T18:00:45","date_gmt":"2025-10-07T16:00:45","guid":{"rendered":"https:\/\/www.briefmarken.ch\/home\/"},"modified":"2025-12-22T18:46:11","modified_gmt":"2025-12-22T17:46:11","slug":"home","status":"publish","type":"page","link":"https:\/\/www.briefmarken.ch\/fr\/","title":{"rendered":"Home"},"content":{"rendered":"<h1 style=\"text-align: center;\">Le monde des timbres-poste<\/h1>\n<p><img loading=\"lazy\" decoding=\"async\" class=\"size-full wp-image-347 aligncenter\" src=\"https:\/\/www.briefmarken.ch\/wp-content\/uploads\/2025\/12\/startbild.png\" alt=\"\" width=\"506\" height=\"394\" \/><\/p>\n<h4>BBZ<\/h4>\n<p>La tr\u00e8s populaire Berner Briefmarken Zeitung, avec les suppl\u00e9ments aux catalogues Zumstein, para\u00eet 6 fois par an et contient de nombreux articles sp\u00e9cialis\u00e9s int\u00e9ressants et bien plus encore.<\/p>\n<p>Restez bien inform\u00e9\u00a0!<\/p>\n<p><a href=\"https:\/\/www.briefmarken.ch\/zshop\/contents\/de\/d4.html\">Commandez maintenant\u00a0!<\/a><\/p>\n<hr \/>\n<h4>Le nouveau catalogue 2026<\/h4>\n<p>Le nouveau catalogue Zumstein CH\/FL\/UNO Ge 2026 est arriv\u00e9\u00a0! Avec les prix les plus r\u00e9cents, le suppl\u00e9ment au catalogue, de nouvelles falsifications d\u2019oblit\u00e9rations, de nouvelles vari\u00e9t\u00e9s et des planches synoptiques, ainsi que les Swiss Crypto Stamps actuels, et bien plus encore.<\/p>\n<p><a href=\"https:\/\/www.briefmarken.ch\/zshop\/contents\/de\/d9.html\">Commander maintenant\u00a0!<\/a><\/p>\n","protected":false},"excerpt":{"rendered":"<p>Le monde des timbres-poste BBZ La tr\u00e8s populaire Berner Briefmarken Zeitung, avec les suppl\u00e9ments aux catalogues Zumstein, para\u00eet 6 fois par an et contient de nombreux articles sp\u00e9cialis\u00e9s int\u00e9ressants et bien plus encore. Restez bien inform\u00e9\u00a0! Commandez maintenant\u00a0! Le nouveau catalogue 2026 Le nouveau catalogue Zumstein CH\/FL\/UNO Ge 2026 est arriv\u00e9\u00a0! Avec les prix les&nbsp;<a class=\"more\" href=\"https:\/\/www.briefmarken.ch\/fr\/\">Plus d&rsquo;informations<\/a><\/p>\n","protected":false},"author":1,"featured_media":0,"parent":0,"menu_order":0,"comment_status":"closed","ping_status":"closed","template":"","meta":{"_acf_changed":false,"footnotes":""},"class_list":["post-56","page","type-page","status-publish","hentry"],"acf":[],"_links":{"self":[{"href":"https:\/\/www.briefmarken.ch\/fr\/wp-json\/wp\/v2\/pages\/56","targetHints":{"allow":["GET"]}}],"collection":[{"href":"https:\/\/www.briefmarken.ch\/fr\/wp-json\/wp\/v2\/pages"}],"about":[{"href":"https:\/\/www.briefmarken.ch\/fr\/wp-json\/wp\/v2\/types\/page"}],"author":[{"embeddable":true,"href":"https:\/\/www.briefmarken.ch\/fr\/wp-json\/wp\/v2\/users\/1"}],"replies":[{"embeddable":true,"href":"https:\/\/www.briefmarken.ch\/fr\/wp-json\/wp\/v2\/comments?post=56"}],"version-history":[{"count":6,"href":"https:\/\/www.briefmarken.ch\/fr\/wp-json\/wp\/v2\/pages\/56\/revisions"}],"predecessor-version":[{"id":350,"href":"https:\/\/www.briefmarken.ch\/fr\/wp-json\/wp\/v2\/pages\/56\/revisions\/350"}],"wp:attachment":[{"href":"https:\/\/www.briefmarken.ch\/fr\/wp-json\/wp\/v2\/media?parent=56"}],"curies":[{"name":"wp","href":"https:\/\/api.w.org\/{rel}","templated":true}]}}