{"id":222,"date":"2025-10-07T21:13:40","date_gmt":"2025-10-07T19:13:40","guid":{"rendered":"https:\/\/www.briefmarken.ch\/?page_id=222"},"modified":"2025-12-21T17:38:08","modified_gmt":"2025-12-21T16:38:08","slug":"catalogues","status":"publish","type":"page","link":"https:\/\/www.briefmarken.ch\/fr\/produits\/catalogues\/","title":{"rendered":"Catalogues"},"content":{"rendered":"<p><div class=\"block-image\"><img loading=\"lazy\" decoding=\"async\" class=\"size-full wp-image-150 alignright\" src=\"https:\/\/www.briefmarken.ch\/wp-content\/uploads\/2025\/12\/Zumstein_SL_2026_beide_gut_01.jpg\" alt=\"\" width=\"299\" height=\"183\" \/><\/div>\n<p>Nous vous proposons une gamme compl\u00e8te de catalogues sp\u00e9cialis\u00e9s.<\/p>\n<p>Ce sont par exemple:<\/p>\n<ul>\n<li><a href=\"https:\/\/www.briefmarken.ch\/zshop\/contents\/de\/d9.html\" target=\"_top\">Zumstein Katalog Schweiz\/Lichtenstein 2026 <\/a><\/li>\n<li><a href=\"https:\/\/www.briefmarken.ch\/zshop\/contents\/de\/d9.html\" target=\"_top\">Catalogue de cachet sp\u00e9cial Suisse<\/a><\/li>\n<li><a href=\"https:\/\/www.briefmarken.ch\/zshop\/contents\/de\/d9.html\" target=\"_top\">Catalogue sp\u00e9cial Suisse, Volume 1 et 2<\/a><\/li>\n<li><a href=\"https:\/\/www.briefmarken.ch\/zshop\/contents\/de\/d9.html\" target=\"_top\">Catalogue suisse sp\u00e9cial des entiers postaux<\/a><\/li>\n<li><a href=\"https:\/\/www.briefmarken.ch\/zshop\/contents\/de\/d9.html\" target=\"_top\">Europe occidentale, vol. 2 J-Z 1996<\/a><\/li>\n<li><a href=\"https:\/\/www.briefmarken.ch\/zshop\/contents\/de\/d9.html\" target=\"_top\">Europe est 1992<\/a><\/li>\n<\/ul>\n","protected":false},"excerpt":{"rendered":"<p>Nous vous proposons une gamme compl\u00e8te de catalogues sp\u00e9cialis\u00e9s. Ce sont par exemple: Zumstein Katalog Schweiz\/Lichtenstein 2026 Catalogue de cachet sp\u00e9cial Suisse Catalogue sp\u00e9cial Suisse, Volume 1 et 2 Catalogue suisse sp\u00e9cial des entiers postaux Europe occidentale, vol. 2 J-Z 1996 Europe est 1992<\/p>\n","protected":false},"author":1,"featured_media":0,"parent":140,"menu_order":10,"comment_status":"closed","ping_status":"closed","template":"page-sidebar.php","meta":{"_acf_changed":false,"footnotes":""},"class_list":["post-222","page","type-page","status-publish","hentry"],"acf":[],"_links":{"self":[{"href":"https:\/\/www.briefmarken.ch\/fr\/wp-json\/wp\/v2\/pages\/222","targetHints":{"allow":["GET"]}}],"collection":[{"href":"https:\/\/www.briefmarken.ch\/fr\/wp-json\/wp\/v2\/pages"}],"about":[{"href":"https:\/\/www.briefmarken.ch\/fr\/wp-json\/wp\/v2\/types\/page"}],"author":[{"embeddable":true,"href":"https:\/\/www.briefmarken.ch\/fr\/wp-json\/wp\/v2\/users\/1"}],"replies":[{"embeddable":true,"href":"https:\/\/www.briefmarken.ch\/fr\/wp-json\/wp\/v2\/comments?post=222"}],"version-history":[{"count":2,"href":"https:\/\/www.briefmarken.ch\/fr\/wp-json\/wp\/v2\/pages\/222\/revisions"}],"predecessor-version":[{"id":342,"href":"https:\/\/www.briefmarken.ch\/fr\/wp-json\/wp\/v2\/pages\/222\/revisions\/342"}],"up":[{"embeddable":true,"href":"https:\/\/www.briefmarken.ch\/fr\/wp-json\/wp\/v2\/pages\/140"}],"wp:attachment":[{"href":"https:\/\/www.briefmarken.ch\/fr\/wp-json\/wp\/v2\/media?parent=222"}],"curies":[{"name":"wp","href":"https:\/\/api.w.org\/{rel}","templated":true}]}}