{"id":217,"date":"2025-10-07T20:58:19","date_gmt":"2025-10-07T18:58:19","guid":{"rendered":"https:\/\/www.briefmarken.ch\/?page_id=217"},"modified":"2025-12-28T20:38:35","modified_gmt":"2025-12-28T19:38:35","slug":"expertises","status":"publish","type":"page","link":"https:\/\/www.briefmarken.ch\/fr\/service\/expertises\/","title":{"rendered":"Expertises"},"content":{"rendered":"<h1>Expertises<\/h1>\n<p>Les timbres de grande valeur ou rares, surtout les timbres classiques, ont de tous temps fait l\u2019objet de contrefa\u00e7ons r\u00e9p\u00e9t\u00e9es. A ce sujet, le collectionneur est souvent confront\u00e9 \u00e0 un probl\u00e8me majeur: comment lui est-il possible de diff\u00e9rencier un timbre authentique d\u2019une contrefa\u00e7on ou une pi\u00e8ce de luxe d\u2019un timbre \u00ab\u00a0r\u00e9par\u00e9\u00a0\u00bb.<\/p>\n<p>Afin de ne pas subir de pr\u00e9judice, il est par cons\u00e9quent recommand\u00e9 d\u2019ac-qu\u00e9rir seulement des timbres de grande valeur pourvus d\u2019un certificat d\u2019authenticit\u00e9. La Maison Zumstein dispose d\u2019une section d\u2019expertises avec laboratoire ad\u00e9quat.<\/p>\n<p>Une vaste documentation nous permet d\u2019analyser la plupart des timbres de Suisse et d\u2019Europe, \u00e0 l\u2019exception des oblit\u00e9rations de l\u2019Italie ancienne et des surcharges modernes. Sur demande, nous joignons volontiers un certificat d\u2019authenticit\u00e9 gratuit \u00e0 chaque timbre de grande valeur ou rare.<\/p>\n<p>Contre paiement d\u2019une commission , notre section d\u2019expertises est \u00e9gale-ment dispos\u00e9e \u00e0 satisfaire aux demandes d\u2018analyse provenant de tiers. Tout d\u00e9pend de la somme de travail \u00e0 effectuer.<\/p>\n<p>En ce qui concerne les demandes <strong>d\u2018expertise provenant de tiers, il faut compter jusqu\u2019\u00e0 3 semaines<\/strong> d\u2019attente pour l\u2019obtention du r\u00e9sultat. Tout d\u00e9-pend de l\u2019afflux des demandes d\u2019expertise.<\/p>\n<h3>Honoraires pour les avis d&rsquo;experts et les \u00e9valuations<\/h3>\n<h4>Bar\u00e8me des honoraires pour les \u00e9valuations de marques et les avis d&rsquo;experts<\/h4>\n<table class=\"table-inset table\" border=\"0\" cellspacing=\"0\" cellpadding=\"0\">\n<tbody>\n<tr>\n<td bgcolor=\"#e8e8e8\">Emissions de timbres depuis 1907, classification selon Zumstein<\/td>\n<td bgcolor=\"#e8e8e8\">Fr. 2.\u2014 \u00e0 5.\u2014 par timbre<\/td>\n<\/tr>\n<tr>\n<td bgcolor=\"#f4f4f4\">Timbres dentel\u00e9s ant\u00e9rieurs \u00e0 1907, d\u00e9finition des types<\/td>\n<td bgcolor=\"#f4f4f4\">\u00e0 partir de Fr. 8.\u2014 par timbre<\/td>\n<\/tr>\n<tr>\n<td bgcolor=\"#e8e8e8\">\u00abHelvetia assise\u00bb, d\u00e9finition des types<\/td>\n<td bgcolor=\"#e8e8e8\">\u00e0 partir de Fr. 8.\u2014 par timbre<\/td>\n<\/tr>\n<tr>\n<td bgcolor=\"#f4f4f4\">Rayon, d\u00e9finition du cylindre d&rsquo;impression et des types, avec signature<\/td>\n<td bgcolor=\"#f4f4f4\">\u00e0 partir de Fr. 16.\u2014 par timbre<\/td>\n<\/tr>\n<tr>\n<td bgcolor=\"#e8e8e8\">Identification du type et de la couleur des timbres-poste<\/td>\n<td bgcolor=\"#e8e8e8\">\u00e0 partir de Fr. 16.\u2014 par timbre<\/td>\n<\/tr>\n<tr>\n<td bgcolor=\"#f4f4f4\">D\u00e9finition des nuances de couleurs<\/td>\n<td bgcolor=\"#f4f4f4\">\u00e0 partir de Fr. 8.\u2014 par timbre<\/td>\n<\/tr>\n<tr>\n<td bgcolor=\"#e8e8e8\">Mini Attestation<\/td>\n<td bgcolor=\"#e8e8e8\">Fr. 50.\u2014 + 2% de la valeur marchande<\/td>\n<\/tr>\n<tr>\n<td bgcolor=\"#f4f4f4\">Attestation avec photo ou photocopie<\/td>\n<td bgcolor=\"#f4f4f4\">Fr. 80.\u2014 + 2% de la valeur marchande<\/td>\n<\/tr>\n<\/tbody>\n<\/table>\n<p>Si des attestations d\u2019experts philat\u00e9liques de l\u2019ASEP ont \u00e9t\u00e9 pr\u00e9sent\u00e9es ant\u00e9rieurement, nous conc\u00e9dons tout au plus une r\u00e9duction de 1 % de la valeur marchande, si ces attestations ont \u00e9t\u00e9 \u00e9tablies il y a moins de 10 ans. Sinon nous appliquerons le tarif entier.<\/p>\n<h4>Tarif des taxations pour estimations<\/h4>\n<p>Premi\u00e8re estimation \u00e0 vue d\u2019ensemble: estimation approximative, \u00e9valuation de l\u2019\u00e9tat ou si la question d\u2019un surcro\u00eet de d\u00e9penses se pose. V\u00e9rification de l\u2019int\u00e9r\u00eat port\u00e9 \u00e0 un \u00e9ventuel achat ou engagement d\u2019une autre proc\u00e9dure de mise en vente de l\u2019objet, Fr. 50.\u2014.<\/p>\n<p>Estimation globale ou estimation de dommages: \u00e9tablie selon les dimensions et l\u2019ampleur de l\u2019objet. Traitement seulement sur entente- A partir de Fr. 50.\u2014 (tarif horaire: Fr. 150.\u2014 \/ 240.\u2014).<\/p>\n<h4>Estimation globale ou estimation de dommages<\/h4>\n<p>Selon la taille et l\u2019ampleur de l\u2019objet.<br \/>\nUniquement sur rendez-vous.<br \/>\nD\u00e8s CHF 50.\u2014 (tarif horaire : CHF 200.\u2014 \/ 240.\u2014).<\/p>\n","protected":false},"excerpt":{"rendered":"<p>Expertises Les timbres de grande valeur ou rares, surtout les timbres classiques, ont de tous temps fait l\u2019objet de contrefa\u00e7ons r\u00e9p\u00e9t\u00e9es. A ce sujet, le collectionneur est souvent confront\u00e9 \u00e0 un probl\u00e8me majeur: comment lui est-il possible de diff\u00e9rencier un timbre authentique d\u2019une contrefa\u00e7on ou une pi\u00e8ce de luxe d\u2019un timbre \u00ab\u00a0r\u00e9par\u00e9\u00a0\u00bb. Afin de ne&nbsp;<a class=\"more\" href=\"https:\/\/www.briefmarken.ch\/fr\/service\/expertises\/\">Plus d&rsquo;informations<\/a><\/p>\n","protected":false},"author":1,"featured_media":0,"parent":213,"menu_order":5,"comment_status":"closed","ping_status":"closed","template":"page-sidebar.php","meta":{"_acf_changed":false,"footnotes":""},"class_list":["post-217","page","type-page","status-publish","hentry"],"acf":[],"_links":{"self":[{"href":"https:\/\/www.briefmarken.ch\/fr\/wp-json\/wp\/v2\/pages\/217","targetHints":{"allow":["GET"]}}],"collection":[{"href":"https:\/\/www.briefmarken.ch\/fr\/wp-json\/wp\/v2\/pages"}],"about":[{"href":"https:\/\/www.briefmarken.ch\/fr\/wp-json\/wp\/v2\/types\/page"}],"author":[{"embeddable":true,"href":"https:\/\/www.briefmarken.ch\/fr\/wp-json\/wp\/v2\/users\/1"}],"replies":[{"embeddable":true,"href":"https:\/\/www.briefmarken.ch\/fr\/wp-json\/wp\/v2\/comments?post=217"}],"version-history":[{"count":6,"href":"https:\/\/www.briefmarken.ch\/fr\/wp-json\/wp\/v2\/pages\/217\/revisions"}],"predecessor-version":[{"id":360,"href":"https:\/\/www.briefmarken.ch\/fr\/wp-json\/wp\/v2\/pages\/217\/revisions\/360"}],"up":[{"embeddable":true,"href":"https:\/\/www.briefmarken.ch\/fr\/wp-json\/wp\/v2\/pages\/213"}],"wp:attachment":[{"href":"https:\/\/www.briefmarken.ch\/fr\/wp-json\/wp\/v2\/media?parent=217"}],"curies":[{"name":"wp","href":"https:\/\/api.w.org\/{rel}","templated":true}]}}