{"id":98,"date":"2025-10-07T21:13:14","date_gmt":"2025-10-07T19:13:14","guid":{"rendered":"https:\/\/www.briefmarken.ch\/?page_id=98"},"modified":"2025-12-13T20:05:50","modified_gmt":"2025-12-13T19:05:50","slug":"markenpakete","status":"publish","type":"page","link":"https:\/\/www.briefmarken.ch\/de\/produkte\/markenpakete\/","title":{"rendered":"Markenpakete"},"content":{"rendered":"<p><strong>Die beste Grundlage zur Anlage einer Markensammlung sind unsere vorteilhaften Marken-Pakete.<\/strong><\/p>\n<p>Unsere Marken-Pakete enthalten in der Regel den mehrfachen Katalogwert des niedrigsten Verkaufspreises. Letzterer kann von den Herstellerfirmen nur durch Engros-Einkauf und Massenanfertigung erzielt werden. Wir beziehen unsere Pakete nur von Spezialfirmen, die unseren Anspr\u00fcchen bez\u00fcglich bester Qualit\u00e4t soweit als m\u00f6glich entsprechen.<\/p>\n<p>Nat\u00fcrlich d\u00fcrfen wir und jeder Paketk\u00e4ufer nicht die gleich hohen Qualit\u00e4tsanspr\u00fcche an den Inhalt der Pakete stellen wie beim Einzelbezug von Marken. Das gr\u00fcndliche Suchen nach kleinen M\u00e4ngeln w\u00fcrde einen Zeitaufwand und Spesen verursachen, die in keinem Verh\u00e4ltnis zu den g\u00fcnstigsten Preisen der Paketzusammen-stellungen stehen. Da die Kontrolle des Paketinhaltes schwierig und ausserordentlich zeitraubend ist, k\u00f6nnen ge\u00f6ffnete Pakete nicht zur\u00fcckgenommen werden. Pakete werden nicht zur Auswahl oder Ansicht versandt. Jedes Paket enth\u00e4lt auf einige St\u00fcck genau die angegebene Anzahl Marken, die unter sich alle verschieden sind.<\/p>\n<p><a href=\"https:\/\/www.briefmarken.ch\/zshop\/contents\/de\/d300.html\">Besuchen Sie unseren Online-Shop<\/a><\/p>\n","protected":false},"excerpt":{"rendered":"<p>Die beste Grundlage zur Anlage einer Markensammlung sind unsere vorteilhaften Marken-Pakete. Unsere Marken-Pakete enthalten in der Regel den mehrfachen Katalogwert des niedrigsten Verkaufspreises. Letzterer kann von den Herstellerfirmen nur durch Engros-Einkauf und Massenanfertigung erzielt werden. Wir beziehen unsere Pakete nur von Spezialfirmen, die unseren Anspr\u00fcchen bez\u00fcglich bester Qualit\u00e4t soweit als m\u00f6glich entsprechen. Nat\u00fcrlich d\u00fcrfen wir&nbsp;<a class=\"more\" href=\"https:\/\/www.briefmarken.ch\/de\/produkte\/markenpakete\/\">Mehr<\/a><\/p>\n","protected":false},"author":1,"featured_media":0,"parent":21,"menu_order":9,"comment_status":"closed","ping_status":"closed","template":"page-sidebar.php","meta":{"_acf_changed":false,"footnotes":""},"class_list":["post-98","page","type-page","status-publish","hentry"],"acf":[],"_links":{"self":[{"href":"https:\/\/www.briefmarken.ch\/de\/wp-json\/wp\/v2\/pages\/98","targetHints":{"allow":["GET"]}}],"collection":[{"href":"https:\/\/www.briefmarken.ch\/de\/wp-json\/wp\/v2\/pages"}],"about":[{"href":"https:\/\/www.briefmarken.ch\/de\/wp-json\/wp\/v2\/types\/page"}],"author":[{"embeddable":true,"href":"https:\/\/www.briefmarken.ch\/de\/wp-json\/wp\/v2\/users\/1"}],"replies":[{"embeddable":true,"href":"https:\/\/www.briefmarken.ch\/de\/wp-json\/wp\/v2\/comments?post=98"}],"version-history":[{"count":4,"href":"https:\/\/www.briefmarken.ch\/de\/wp-json\/wp\/v2\/pages\/98\/revisions"}],"predecessor-version":[{"id":299,"href":"https:\/\/www.briefmarken.ch\/de\/wp-json\/wp\/v2\/pages\/98\/revisions\/299"}],"up":[{"embeddable":true,"href":"https:\/\/www.briefmarken.ch\/de\/wp-json\/wp\/v2\/pages\/21"}],"wp:attachment":[{"href":"https:\/\/www.briefmarken.ch\/de\/wp-json\/wp\/v2\/media?parent=98"}],"curies":[{"name":"wp","href":"https:\/\/api.w.org\/{rel}","templated":true}]}}