{"id":94,"date":"2025-10-07T21:01:51","date_gmt":"2025-10-07T19:01:51","guid":{"rendered":"https:\/\/www.briefmarken.ch\/?page_id=94"},"modified":"2025-12-13T16:44:44","modified_gmt":"2025-12-13T15:44:44","slug":"verkaufsbedingungen","status":"publish","type":"page","link":"https:\/\/www.briefmarken.ch\/de\/verkaufsbedingungen\/","title":{"rendered":"Verkaufsbedingungen"},"content":{"rendered":"<h2>Garantie<\/h2>\n<p>Wir garantieren die Echtheit der von uns verkauften Postwertzeichen und verpflichten uns, dem K\u00e4ufer, falls dieser innerhalb eines Jahres den Nachweis der F\u00e4lschung erbringt, nach unserem Ermessen entweder den bezahlten Kaufpreis zu erstatten oder ein Ersatzst\u00fcck zu liefern. Weitergehende Anspr\u00fcche sind ausgeschlossen. Auf Wunsch versehen wir die besseren Marken mit unserem Garantiestempel.<\/p>\n<p><img loading=\"lazy\" decoding=\"async\" class=\"alignnone size-full wp-image-203\" src=\"https:\/\/www.briefmarken.ch\/wp-content\/uploads\/2025\/12\/zumstein-garantie_sehr_gut.gif\" alt=\"\" width=\"130\" height=\"123\" \/><\/p>\n<h2>Eigentumsrecht<\/h2>\n<p>Unsere Sendungen sind Kommissionsware und anvertrautes Gut. Das Eigentumsrecht der Ware geht erst nach vollst\u00e4ndiger Zahlung derselben an den K\u00e4ufer \u00fcber.<\/p>\n<h2>Erf\u00fcllungsort<\/h2>\n<p>Erf\u00fcllungsort ist f\u00fcr Lieferung und Zahlung Bern.<\/p>\n<h2>Versicherung<\/h2>\n<p>S\u00e4mtliche von der Firma Zumstein &amp; Cie, Bern, abgehenden und an diese Firma gerichteten Sendungen sind versichert bis zu einem H\u00f6chstbetrag von Fr. 10&#8217;000, wenn solche gut verpackt, eingeschrieben der Post zur Weiterbef\u00f6rderung \u00fcbergeben werden und die Verpackung den postamtlichen Vorschriften entspricht.<br \/>\nBestellung und Auswahlen<\/p>\n<p>Wir bitten, Auswahlen und Auswahlsendungen, wenn nichts anderes angegeben ist, innert 14 Tagen abzurechnen.<br \/>\nZahlungskonditionen<\/p>\n<p>Unsere Preise verstehen sich ausschliesslich in Schweizer W\u00e4hrung. Zahlbar innert 30 Tagen netto. Bei Bestellungen unter CHF 20 m\u00fcssen wir einen Kleinmengenzuschlag von CHF 5 berechnen.<\/p>\n<h2>Neuheiten<\/h2>\n<p>Der Neuheitenabonnent verpflichtet sich zur Abnahme aller im Rahmen seines Neuheitenabonnements abonnierten Marken. Falsch gelieferte oder defekte Marken tauschen wir innerhalb von 14 Tagen um. Sp\u00e4tere R\u00fccksendungen oder R\u00fccksendungen aus einem anderen Grund k\u00f6nnen wir nicht mehr akzeptieren. Abonnenten, deren Konto gen\u00fcgendes Guthaben aufweist, und Bestellungen mit Vorauskassa erhalten 5% Skonto. Zahlbar innert 30 Tagen netto.<br \/>\nK\u00fcndigung Neuheitenabonnement: ist auf 60 Tage m\u00f6glich muss aber schriftlich erfolgen.<\/p>\n<h2>Kataloge<\/h2>\n<p>Die Netto-Staffelpreise verstehen sich nur bei Bezug auf einmal. Zahlungsbedingung: 30 Tage netto. Bei Ausbleiben der Versandvorschriften erfolgt die Lieferung in der von uns als zweckm\u00e4ssig erachteten Weise unter Ablehnung allf\u00e4lliger sp\u00e4terer Einw\u00e4nde.<\/p>\n<p><strong>Zumstein-Kataloge werden nicht in Kommission geliefert.<\/strong><\/p>\n<p>Mit der Aufgabe der Bestellung verpflichtet sich der Abnehmer, die Kataloge im Detailhandel nur zu dem vom Verlag festgesetzten Detailverkaufspreis, ohne jeden Rabatt oder jede Pr\u00e4mie abzugeben und den Erstverkaufstag einzuhalten. Grossisten m\u00fcssen ihre Detaillisten zu den gleichen Bedingungen verpflichten.<\/p>\n","protected":false},"excerpt":{"rendered":"<p>Garantie Wir garantieren die Echtheit der von uns verkauften Postwertzeichen und verpflichten uns, dem K\u00e4ufer, falls dieser innerhalb eines Jahres den Nachweis der F\u00e4lschung erbringt, nach unserem Ermessen entweder den bezahlten Kaufpreis zu erstatten oder ein Ersatzst\u00fcck zu liefern. Weitergehende Anspr\u00fcche sind ausgeschlossen. Auf Wunsch versehen wir die besseren Marken mit unserem Garantiestempel. Eigentumsrecht Unsere&nbsp;<a class=\"more\" href=\"https:\/\/www.briefmarken.ch\/de\/verkaufsbedingungen\/\">Mehr<\/a><\/p>\n","protected":false},"author":1,"featured_media":0,"parent":0,"menu_order":20,"comment_status":"closed","ping_status":"closed","template":"page-sidebar.php","meta":{"_acf_changed":false,"footnotes":""},"class_list":["post-94","page","type-page","status-publish","hentry"],"acf":[],"_links":{"self":[{"href":"https:\/\/www.briefmarken.ch\/de\/wp-json\/wp\/v2\/pages\/94","targetHints":{"allow":["GET"]}}],"collection":[{"href":"https:\/\/www.briefmarken.ch\/de\/wp-json\/wp\/v2\/pages"}],"about":[{"href":"https:\/\/www.briefmarken.ch\/de\/wp-json\/wp\/v2\/types\/page"}],"author":[{"embeddable":true,"href":"https:\/\/www.briefmarken.ch\/de\/wp-json\/wp\/v2\/users\/1"}],"replies":[{"embeddable":true,"href":"https:\/\/www.briefmarken.ch\/de\/wp-json\/wp\/v2\/comments?post=94"}],"version-history":[{"count":5,"href":"https:\/\/www.briefmarken.ch\/de\/wp-json\/wp\/v2\/pages\/94\/revisions"}],"predecessor-version":[{"id":205,"href":"https:\/\/www.briefmarken.ch\/de\/wp-json\/wp\/v2\/pages\/94\/revisions\/205"}],"wp:attachment":[{"href":"https:\/\/www.briefmarken.ch\/de\/wp-json\/wp\/v2\/media?parent=94"}],"curies":[{"name":"wp","href":"https:\/\/api.w.org\/{rel}","templated":true}]}}