{"id":9,"date":"2025-10-06T19:15:47","date_gmt":"2025-10-06T17:15:47","guid":{"rendered":"https:\/\/www.briefmarken.ch\/?page_id=9"},"modified":"2025-12-23T14:20:51","modified_gmt":"2025-12-23T13:20:51","slug":"ueber-uns","status":"publish","type":"page","link":"https:\/\/www.briefmarken.ch\/de\/firma\/ueber-uns\/","title":{"rendered":"\u00dcber uns"},"content":{"rendered":"<h1>\u00dcber uns<\/h1>\n<h2>Im Dienste des Kunden seit 121 Jahren<\/h2>\n<div id=\"attachment_15\" style=\"width: 160px\" class=\"wp-caption alignright\"><img loading=\"lazy\" decoding=\"async\" aria-describedby=\"caption-attachment-15\" class=\"wp-image-15 size-full\" src=\"https:\/\/www.briefmarken.ch\/wp-content\/uploads\/2025\/10\/foto_ez.gif\" alt=\"Ernst Zumstein\" width=\"150\" height=\"150\" \/><p id=\"caption-attachment-15\" class=\"wp-caption-text\">Ernst Zumstein<\/p><\/div>\n<p>Die Firma Zumstein wurde im Jahre 1905 von Ernst Zumstein gegr\u00fcndet. Unter seiner dynamischen F\u00fchrung entwickelte sich das Unternehmen in wenigen Jahren zu dem bedeutendsten philatelistischen Unternehmen der Schweiz. Die Firma war nicht nur auf dem Markengebiet f\u00fchrend, sondern Ernst Zumstein festigte den Ruf des Hauses durch Herausgabe einer Fachzeitschrift sowie der ersten zwei Auflagen des Zumstein-Handbuches \u00fcber die Briefmarken der Schweiz, das in der Folge zur Grundlage f\u00fcr die Schweizer Philatelie wurde.<\/p>\n<h2>Vier Generationen<\/h2>\n<div id=\"attachment_65\" style=\"width: 160px\" class=\"wp-caption alignleft\"><img loading=\"lazy\" decoding=\"async\" aria-describedby=\"caption-attachment-65\" class=\"size-full wp-image-65\" src=\"https:\/\/www.briefmarken.ch\/wp-content\/uploads\/2025\/10\/foto_ah.gif\" alt=\"\" width=\"150\" height=\"150\" \/><p id=\"caption-attachment-65\" class=\"wp-caption-text\">Arthur Hertsch<\/p><\/div>\n<p>Im Jahre 1918 riss der Tod Ernst Zumstein aus einem \u00e4usserst aktiven und erfolgreichen Leben. Nach einer schwierigen \u00dcbergangszeit der ersten Nachkriegsjahre \u00fcbernahm Arthur Hertsch die Leitung der Firma, welchem 1964 sein Sohn, Max Hertsch, nachfolgte. Mit Christoph Hertsch ist seit 1983 die 4. Generation, nach absolvierter Ausbildung, in der Firma t\u00e4tig. Es erschien eine Neuausgabe des Zumstein Europa-Kataloges, die grossartige Bearbeitung des Zumstein Handbuches 1924 und der Weiterausbau der Berner Briefmarken-Zeitung. Der Ausbau des Zumstein Neuheitendienstes, des Auswahldienstes, die Organisation des umfangreichen Lagers waren weitere Stufen auf der langen Leiter des Erfolges in der heute \u00fcber hundertj\u00e4hrigen Firmengeschichte der Firma Zumstein.<\/p>\n<div id=\"attachment_66\" style=\"width: 160px\" class=\"wp-caption alignright\"><img loading=\"lazy\" decoding=\"async\" aria-describedby=\"caption-attachment-66\" class=\"size-full wp-image-66\" src=\"https:\/\/www.briefmarken.ch\/wp-content\/uploads\/2025\/10\/foto_mh.gif\" alt=\"\" width=\"150\" height=\"150\" \/><p id=\"caption-attachment-66\" class=\"wp-caption-text\">Max Hertsch<\/p><\/div>\n<p>Im Jahre 1928 erfolgte der Umbau des Zumstein-Europa-Kataloges in seine jetzige Form. Die Beliebtheit der Verlagswerke, das grosse und gepflegte Briefmarkenlager verhalf in der Folge der Firma, die seit 1964 in den H\u00e4nden von Max Hertsch und seit dem Jahr 2000 in den H\u00e4nden von Christoph Hertsch liegt, zu Weltruf. Kunden aus allen Erdteilen, von Seoul bis Karachi, von Kapstadt bis Hammerfest, aus S\u00fcd- und Nordamerika und Australien verkehren regelm\u00e4ssig und seit vielen Jahren mit unserem Hause.<\/p>\n<h2>Vertrauen verpflichtet<\/h2>\n<div id=\"attachment_68\" style=\"width: 160px\" class=\"wp-caption alignleft\"><img loading=\"lazy\" decoding=\"async\" aria-describedby=\"caption-attachment-68\" class=\"size-full wp-image-68\" src=\"https:\/\/www.briefmarken.ch\/wp-content\/uploads\/2025\/10\/foto_ch.gif\" alt=\"\" width=\"150\" height=\"150\" \/><p id=\"caption-attachment-68\" class=\"wp-caption-text\">Christoph Hertsch<\/p><\/div>\n<p>Gerade weil Briefmarken absolute Vertrauenssache sind, hat die Firma Zumstein &amp; Cie bis in fernste L\u00e4nder einen so guten Ruf. Neben ihren Spezialgebieten, Europa und klassischen Ausgaben pflegt sie besonders Schweiz und Liechtenstein. Es gibt wohl keine der grossen Schweiz-Seltenheiten &#8211; vom F\u00fcnfzehnerblock Basler Taube, den Dreiunddreissiger-Block Winterthur oder den Doppelgenf-Block &#8211; die nicht einmal durch die H\u00e4nde der Firma Zumstein gegangen sind.<\/p>\n<p>&nbsp;<\/p>\n<h2>Zumstein bietet Sicherheit<\/h2>\n<p>In unserer weltweit anerkannten Pr\u00fcfungsabteilung werden teure Briefmarken vor dem Verkauf f\u00fcr Sie gepr\u00fcft und mit einem Zumstein-Attest versehen, welches Ihnen die kompetente Gew\u00e4hr der Echtheit bietet.<\/p>\n<p>Schauen Sie sich doch einmal unsere Zumstein <a href=\"\/wp-content\/uploads\/2025\/10\/Broschuere.pdf\">100-Jahr Jubil\u00e4ums-Brosch\u00fcre<\/a> an.<br \/>\nDie Brosch\u00fcre kann \u00fcbrigens gratis bei uns\u00a0\u00a0bezogen werden (solange Vorrat).<\/p>\n","protected":false},"excerpt":{"rendered":"<p>\u00dcber uns Im Dienste des Kunden seit 121 Jahren Die Firma Zumstein wurde im Jahre 1905 von Ernst Zumstein gegr\u00fcndet. Unter seiner dynamischen F\u00fchrung entwickelte sich das Unternehmen in wenigen Jahren zu dem bedeutendsten philatelistischen Unternehmen der Schweiz. Die Firma war nicht nur auf dem Markengebiet f\u00fchrend, sondern Ernst Zumstein festigte den Ruf des Hauses&nbsp;<a class=\"more\" href=\"https:\/\/www.briefmarken.ch\/de\/firma\/ueber-uns\/\">Mehr<\/a><\/p>\n","protected":false},"author":1,"featured_media":0,"parent":7,"menu_order":17,"comment_status":"closed","ping_status":"closed","template":"page-sidebar.php","meta":{"_acf_changed":false,"footnotes":""},"class_list":["post-9","page","type-page","status-publish","hentry"],"acf":[],"_links":{"self":[{"href":"https:\/\/www.briefmarken.ch\/de\/wp-json\/wp\/v2\/pages\/9","targetHints":{"allow":["GET"]}}],"collection":[{"href":"https:\/\/www.briefmarken.ch\/de\/wp-json\/wp\/v2\/pages"}],"about":[{"href":"https:\/\/www.briefmarken.ch\/de\/wp-json\/wp\/v2\/types\/page"}],"author":[{"embeddable":true,"href":"https:\/\/www.briefmarken.ch\/de\/wp-json\/wp\/v2\/users\/1"}],"replies":[{"embeddable":true,"href":"https:\/\/www.briefmarken.ch\/de\/wp-json\/wp\/v2\/comments?post=9"}],"version-history":[{"count":12,"href":"https:\/\/www.briefmarken.ch\/de\/wp-json\/wp\/v2\/pages\/9\/revisions"}],"predecessor-version":[{"id":353,"href":"https:\/\/www.briefmarken.ch\/de\/wp-json\/wp\/v2\/pages\/9\/revisions\/353"}],"up":[{"embeddable":true,"href":"https:\/\/www.briefmarken.ch\/de\/wp-json\/wp\/v2\/pages\/7"}],"wp:attachment":[{"href":"https:\/\/www.briefmarken.ch\/de\/wp-json\/wp\/v2\/media?parent=9"}],"curies":[{"name":"wp","href":"https:\/\/api.w.org\/{rel}","templated":true}]}}