{"id":79,"date":"2025-10-07T20:31:44","date_gmt":"2025-10-07T18:31:44","guid":{"rendered":"https:\/\/www.briefmarken.ch\/?page_id=79"},"modified":"2025-12-23T14:31:07","modified_gmt":"2025-12-23T13:31:07","slug":"neuheiten-abonnement","status":"publish","type":"page","link":"https:\/\/www.briefmarken.ch\/de\/service\/neuheiten-abonnement\/","title":{"rendered":"Neuheiten-Abonnement"},"content":{"rendered":"<h2>Mit einem Neuheiten-Abonnement von Zumstein sind auch Sie mittendrin!<\/h2>\n<p>Bei uns k\u00f6nnen Sie das Abonnement Ihren pers\u00f6nlichen Sammlerw\u00fcnschen anpassen: Abonnieren Sie L\u00e4nder und\/oder einzelne Motive, die Sie in Ihrer Sammlung unbedingt vertreten haben m\u00f6chten.<\/p>\n<p>Automatisch liefern wir Ihnen in regelm\u00e4ssigen Abst\u00e4nden (jeweils nach Erscheinen der Neuheitenliste oder halbj\u00e4hrlich) die f\u00fcr Sie in Frage kommenden Neuheiten.<\/p>\n<p>Der Vorteil des Neuheitenabonnements liegt darin, dass Sie als eingeschriebener Kunde bei uns die Ware zum Vorzugspreis erhalten und nicht zum sp\u00e4teren, zum Teil massiv h\u00f6heren Katalogpreis. Zudem erhalten Sie auch f\u00fcr den privaten Sammler schwer zu beschaffende Ausgaben (kleine Auflage, Spekulationsobjekte usw.) und m\u00fcssen sich keine Gedanken machen, wo Sie die n\u00e4chste gesuchte Ausgabe herbekommen.<a id=\"c155\"><\/a><\/p>\n<h2>Motive<\/h2>\n<p>Gerne beliefern wir Sie mit Ihrem pers\u00f6nlichen Sammelmotiv. Allerdings m\u00fcssen sich unsere Kunden hierbei verpflichten, immer den kompletten Satz einer Ausgabe zu \u00fcbernehmen, auch wenn in einer Serie von vier Marken nur eine das entsprechende Motiv aufweist.<\/p>\n<p>Grosse und teure S\u00e4tze, bei denen die gew\u00fcnschten Motivmarken nur einen Bruchteil des Gesamtwertes ausmachen, werden nur auf ausdr\u00fccklichen Wunsch im Abonnement geliefert.<\/p>\n<h2>Unsere St\u00e4rken &#8211; Ihr Vorteil<\/h2>\n<ol>\n<li>Bei uns sind Marken der ganzen Welt erh\u00e4ltlich.<\/li>\n<li>Wir liefern nur einwandfreie Briefmarken, sogenannte \u00abZumstein-Qualit\u00e4t\u00bb.<\/li>\n<li>Abonnenten werden immer zuerst und zu den g\u00fcnstigsten Preisen beliefert, auch f\u00fcr schwer zu beschaffende Serien und Blocks (z.B. Stickereiblock, oder aktuell der Fledermausblock des \u00abBraunen Langohrs\u00bb).<\/li>\n<li>Ohne die \u00c4rgernisse der Beschaffung, liefern wir Ihnen die Briefmarken auf bequeme Art und Weise direkt zu Ihnen nach Hause!<\/li>\n<\/ol>\n<p>Rufen Sie uns an, und \u00fcberzeugen Sie sich von unserer Serviceleistung! Telefon +41 31 312 00 55.<\/p>\n<hr \/>\n<h4><b>Wertsteigerungs-Beispiele:<\/b><\/h4>\n<table class=\"table-inset table\" border=\"0\" width=\"100%\" cellspacing=\"0\" cellpadding=\"0\">\n<tbody>\n<tr>\n<td bgcolor=\"#e8e8e8\">\u00a0<\/td>\n<td bgcolor=\"#e8e8e8\">\n<p>Periodenpreise<\/p>\n<\/td>\n<td bgcolor=\"#e8e8e8\">\n<p>Aktueller Preis<\/p>\n<\/td>\n<\/tr>\n<tr>\n<td bgcolor=\"#f4f4f4\" width=\"54%\">\n<p>Schweiz 1945: &#171;Pax&#187;-Serie (13 Werte)<\/p>\n<\/td>\n<td align=\"right\" bgcolor=\"#f4f4f4\" width=\"23%\">\n<p>26.35<\/p>\n<\/td>\n<td align=\"right\" bgcolor=\"#f4f4f4\" width=\"23%\">\n<p><b>380.\u2014<\/b><\/p>\n<\/td>\n<\/tr>\n<tr>\n<td bgcolor=\"#e8e8e8\" width=\"54%\">\n<p>1951 Niederlande: Luftpost (2 Werte)<\/p>\n<\/td>\n<td align=\"right\" bgcolor=\"#e8e8e8\" width=\"23%\">\n<p>60.\u2014<\/p>\n<\/td>\n<td align=\"right\" bgcolor=\"#e8e8e8\" width=\"23%\">\n<p><b>1000.\u2014<\/b><\/p>\n<\/td>\n<\/tr>\n<tr>\n<td bgcolor=\"#f4f4f4\" width=\"54%\">\n<p>1951 Westdeutschland: Postilion-Horn (16 Werte)<\/p>\n<\/td>\n<td align=\"right\" bgcolor=\"#f4f4f4\" width=\"23%\">\n<p>7.\u2014<\/p>\n<\/td>\n<td align=\"right\" bgcolor=\"#f4f4f4\" width=\"23%\">\n<p><b>3750.\u2014<\/b><\/p>\n<\/td>\n<\/tr>\n<tr>\n<td bgcolor=\"#e8e8e8\" width=\"54%\">\n<p>1956 Luxemburg: Europa (3 Werte)<\/p>\n<\/td>\n<td align=\"right\" bgcolor=\"#e8e8e8\" width=\"23%\">\n<p>1.20<\/p>\n<\/td>\n<td align=\"right\" bgcolor=\"#e8e8e8\" width=\"23%\">\n<p><b>500.\u2014<\/b><\/p>\n<\/td>\n<\/tr>\n<tr>\n<td bgcolor=\"#f4f4f4\" width=\"54%\">\n<p>1932 Liechtenstein: Dienstmarken (8 Werte)<\/p>\n<\/td>\n<td align=\"right\" bgcolor=\"#f4f4f4\" width=\"23%\">\n<p>3.30<\/p>\n<\/td>\n<td align=\"right\" bgcolor=\"#f4f4f4\" width=\"23%\">\n<p><b>1400.\u2014<\/b><\/p>\n<\/td>\n<\/tr>\n<tr>\n<td bgcolor=\"#e8e8e8\" width=\"54%\">\n<p>1960 Liechtenstein: Europa CEPT (1 Wert)<\/p>\n<\/td>\n<td align=\"right\" bgcolor=\"#e8e8e8\" width=\"23%\">\n<p>\u2014.50<\/p>\n<\/td>\n<td align=\"right\" bgcolor=\"#e8e8e8\" width=\"23%\">\n<p><b>55.\u2014<\/b><\/p>\n<\/td>\n<\/tr>\n<tr>\n<td bgcolor=\"#f4f4f4\" width=\"54%\">\n<p>1985 Frankreich: Carnet &#171;Famous Persons&#187;<\/p>\n<\/td>\n<td align=\"right\" bgcolor=\"#f4f4f4\" width=\"23%\">\n<p>6.40<\/p>\n<\/td>\n<td align=\"right\" bgcolor=\"#f4f4f4\" width=\"23%\">\n<p><b>90.\u2014<\/b><\/p>\n<\/td>\n<\/tr>\n<tr>\n<td bgcolor=\"#e8e8e8\" width=\"54%\">\n<p>1987 Schweiz: Nicht-fluoreszierender Hahn (Kirchturm)<\/p>\n<\/td>\n<td align=\"right\" bgcolor=\"#e8e8e8\" width=\"23%\">\n<p>3.50<\/p>\n<\/td>\n<td align=\"right\" bgcolor=\"#e8e8e8\" width=\"23%\">\n<p><b>45.\u2014<\/b><\/p>\n<\/td>\n<\/tr>\n<tr>\n<td bgcolor=\"#f4f4f4\" width=\"54%\">\n<p>Schweiz 2000: NABA 2000 &#171;Stickerei&#187;-Block<\/p>\n<\/td>\n<td align=\"right\" bgcolor=\"#f4f4f4\" width=\"23%\">\n<p>20.\u2014<\/p>\n<\/td>\n<td align=\"right\" bgcolor=\"#f4f4f4\" width=\"23%\">\n<p><b>120.\u2014<\/b><\/p>\n<\/td>\n<\/tr>\n<tr>\n<td bgcolor=\"#e8e8e8\" width=\"54%\">\n<p>Schweizer Krypto-Stamps 2021<\/p>\n<\/td>\n<td align=\"right\" bgcolor=\"#e8e8e8\" width=\"23%\">\n<p>16.\u2014<\/p>\n<\/td>\n<td align=\"right\" bgcolor=\"#e8e8e8\" width=\"23%\">\n<p><b>100.\u2014<\/b><\/p>\n<\/td>\n<\/tr>\n<tr>\n<td bgcolor=\"#f4f4f4\" width=\"54%\">\n<p>2024 Kunst am Bau Harald N\u00e4geli &#171;Laufendes Auge&#187;<\/p>\n<\/td>\n<td align=\"right\" bgcolor=\"#f4f4f4\" width=\"23%\">\n<p>10.\u2014<\/p>\n<\/td>\n<td align=\"right\" bgcolor=\"#f4f4f4\" width=\"23%\">\n<p><b>50.\u2014<\/b><\/p>\n<\/td>\n<\/tr>\n<tr>\n<td bgcolor=\"#e8e8e8\" width=\"54%\">\n<p>2025 Samschtig Jass 2025<\/p>\n<\/td>\n<td align=\"right\" bgcolor=\"#e8e8e8\" width=\"23%\">\n<p>10.\u2014<\/p>\n<\/td>\n<td align=\"right\" bgcolor=\"#e8e8e8\" width=\"23%\">\n<p><b>260.\u2014<\/b><\/p>\n<\/td>\n<\/tr>\n<tr>\n<td bgcolor=\"#f4f4f4\">\n<p><strong>Abonnentenpreise (5 % Rabatt), Gesamtpreise<\/strong><\/p>\n<\/td>\n<td align=\"right\" bgcolor=\"#f4f4f4\">\n<p><strong>164.25<\/strong><\/p>\n<\/td>\n<td bgcolor=\"#f4f4f4\">\n<p>&nbsp;<\/p>\n<\/td>\n<\/tr>\n<tr>\n<td bgcolor=\"#e8e8e8\">\n<p><strong>Katalogpreis (SL 2026, EK 1996\/7), Gesamtpreis Fr.<\/strong><\/p>\n<\/td>\n<td bgcolor=\"#e8e8e8\">\n<p>&nbsp;<\/p>\n<\/td>\n<td align=\"right\" bgcolor=\"#e8e8e8\">\n<p><strong>7750.\u2014<\/strong><\/p>\n<\/td>\n<\/tr>\n<\/tbody>\n<\/table>\n<h2>\nAnmeldung zum Auswahldienst<\/h2>\n<p><strong>Ja, ich interessiere mich f\u00fcr ein Neuheiten-Abonnement:<\/strong><\/p>\n\n<div class=\"wpcf7 no-js\" id=\"wpcf7-f182-o1\" lang=\"de-CH\" dir=\"ltr\" data-wpcf7-id=\"182\">\n<div class=\"screen-reader-response\"><p role=\"status\" aria-live=\"polite\" aria-atomic=\"true\"><\/p> <ul><\/ul><\/div>\n<form action=\"\/de\/wp-json\/wp\/v2\/pages\/79#wpcf7-f182-o1\" method=\"post\" class=\"wpcf7-form init\" aria-label=\"Contact form\" novalidate=\"novalidate\" data-status=\"init\">\n<fieldset class=\"hidden-fields-container\"><input type=\"hidden\" name=\"_wpcf7\" value=\"182\" \/><input type=\"hidden\" name=\"_wpcf7_version\" value=\"6.1.5\" \/><input type=\"hidden\" name=\"_wpcf7_locale\" value=\"de_CH\" \/><input type=\"hidden\" name=\"_wpcf7_unit_tag\" value=\"wpcf7-f182-o1\" \/><input type=\"hidden\" name=\"_wpcf7_container_post\" value=\"0\" \/><input type=\"hidden\" name=\"_wpcf7_posted_data_hash\" value=\"\" \/>\n<\/fieldset>\n<p><label> Kundennummer:<br \/>\n<span class=\"wpcf7-form-control-wrap\" data-name=\"kundennummer\"><input size=\"40\" maxlength=\"400\" class=\"wpcf7-form-control wpcf7-text\" aria-invalid=\"false\" value=\"\" type=\"text\" name=\"kundennummer\" \/><\/span><br \/>\n<\/label>\n<\/p>\n<p><label> Name:<br \/>\n<span class=\"wpcf7-form-control-wrap\" data-name=\"nachname\"><input size=\"40\" maxlength=\"400\" class=\"wpcf7-form-control wpcf7-text wpcf7-validates-as-required\" autocomplete=\"family-name\" aria-required=\"true\" aria-invalid=\"false\" value=\"\" type=\"text\" name=\"nachname\" \/><\/span><br \/>\n<\/label>\n<\/p>\n<p><label> Vorname:<br \/>\n<span class=\"wpcf7-form-control-wrap\" data-name=\"vorname\"><input size=\"40\" maxlength=\"400\" class=\"wpcf7-form-control wpcf7-text wpcf7-validates-as-required\" autocomplete=\"given-name\" aria-required=\"true\" aria-invalid=\"false\" value=\"\" type=\"text\" name=\"vorname\" \/><\/span><br \/>\n<\/label>\n<\/p>\n<p><label> Strasse:<br \/>\n<span class=\"wpcf7-form-control-wrap\" data-name=\"strasse\"><input size=\"40\" maxlength=\"400\" class=\"wpcf7-form-control wpcf7-text wpcf7-validates-as-required\" autocomplete=\"street-address\" aria-required=\"true\" aria-invalid=\"false\" value=\"\" type=\"text\" name=\"strasse\" \/><\/span><br \/>\n<\/label>\n<\/p>\n<p><label> PLZ \/ Ort<br \/>\n<span class=\"wpcf7-form-control-wrap\" data-name=\"plz-ort\"><input size=\"40\" maxlength=\"400\" class=\"wpcf7-form-control wpcf7-text wpcf7-validates-as-required\" aria-required=\"true\" aria-invalid=\"false\" value=\"\" type=\"text\" name=\"plz-ort\" \/><\/span><br \/>\n<\/label>\n<\/p>\n<p><label> Land:<br \/>\n<span class=\"wpcf7-form-control-wrap\" data-name=\"land\"><input size=\"40\" maxlength=\"400\" class=\"wpcf7-form-control wpcf7-text wpcf7-validates-as-required\" autocomplete=\"country\" aria-required=\"true\" aria-invalid=\"false\" value=\"\" type=\"text\" name=\"land\" \/><\/span><br \/>\n<\/label>\n<\/p>\n<p><label> Telefon:<br \/>\n<span class=\"wpcf7-form-control-wrap\" data-name=\"telefon\"><input size=\"40\" maxlength=\"400\" class=\"wpcf7-form-control wpcf7-tel wpcf7-text wpcf7-validates-as-tel\" autocomplete=\"tel\" aria-invalid=\"false\" value=\"\" type=\"tel\" name=\"telefon\" \/><\/span><br \/>\n<\/label>\n<\/p>\n<p><label> E-Mail-Adresse:<br \/>\n<span class=\"wpcf7-form-control-wrap\" data-name=\"email\"><input size=\"40\" maxlength=\"400\" class=\"wpcf7-form-control wpcf7-email wpcf7-validates-as-required wpcf7-text wpcf7-validates-as-email\" autocomplete=\"email\" aria-required=\"true\" aria-invalid=\"false\" value=\"\" type=\"email\" name=\"email\" \/><\/span><br \/>\n<\/label>\n<\/p>\n<hr \/>\n<p><label> Gew\u00fcnschtes Land:<br \/>\n<span class=\"wpcf7-form-control-wrap\" data-name=\"gewuenschtes-land\"><input size=\"40\" maxlength=\"400\" class=\"wpcf7-form-control wpcf7-text wpcf7-validates-as-required\" aria-required=\"true\" aria-invalid=\"false\" value=\"\" type=\"text\" name=\"gewuenschtes-land\" \/><\/span><br \/>\n<\/label>\n<\/p>\n<p><label> Gew\u00fcnschtes Motiv:<br \/>\n<span class=\"wpcf7-form-control-wrap\" data-name=\"motiv\"><input size=\"40\" maxlength=\"400\" class=\"wpcf7-form-control wpcf7-text wpcf7-validates-as-required\" aria-required=\"true\" aria-invalid=\"false\" value=\"\" type=\"text\" name=\"motiv\" \/><\/span><br \/>\n<\/label>\n<\/p>\n<p><label> Typen:<br \/>\n<span class=\"wpcf7-form-control-wrap\" data-name=\"typen\"><span class=\"wpcf7-form-control wpcf7-checkbox\"><span class=\"wpcf7-list-item first\"><label><input type=\"checkbox\" name=\"typen[]\" value=\"Frei-, Sonder-, Flugpostmarken\" \/><span class=\"wpcf7-list-item-label\">Frei-, Sonder-, Flugpostmarken<\/span><\/label><\/span><span class=\"wpcf7-list-item\"><label><input type=\"checkbox\" name=\"typen[]\" value=\"Dienstmarken\" \/><span class=\"wpcf7-list-item-label\">Dienstmarken<\/span><\/label><\/span><span class=\"wpcf7-list-item\"><label><input type=\"checkbox\" name=\"typen[]\" value=\"Portomarken\" \/><span class=\"wpcf7-list-item-label\">Portomarken<\/span><\/label><\/span><span class=\"wpcf7-list-item\"><label><input type=\"checkbox\" name=\"typen[]\" value=\"Eisenbahn- und Paketmarken\" \/><span class=\"wpcf7-list-item-label\">Eisenbahn- und Paketmarken<\/span><\/label><\/span><span class=\"wpcf7-list-item\"><label><input type=\"checkbox\" name=\"typen[]\" value=\"Blocks\" \/><span class=\"wpcf7-list-item-label\">Blocks<\/span><\/label><\/span><span class=\"wpcf7-list-item\"><label><input type=\"checkbox\" name=\"typen[]\" value=\"Markenheftchen\" \/><span class=\"wpcf7-list-item-label\">Markenheftchen<\/span><\/label><\/span><span class=\"wpcf7-list-item\"><label><input type=\"checkbox\" name=\"typen[]\" value=\"Kleinbogen (bis 10 bildgleiche Marken)\" \/><span class=\"wpcf7-list-item-label\">Kleinbogen (bis 10 bildgleiche Marken)<\/span><\/label><\/span><span class=\"wpcf7-list-item\"><label><input type=\"checkbox\" name=\"typen[]\" value=\"Maximumkarten\" \/><span class=\"wpcf7-list-item-label\">Maximumkarten<\/span><\/label><\/span><span class=\"wpcf7-list-item last\"><label><input type=\"checkbox\" name=\"typen[]\" value=\"Automatenmarken\" \/><span class=\"wpcf7-list-item-label\">Automatenmarken<\/span><\/label><\/span><\/span><\/span><br \/>\n<\/label>\n<\/p>\n<p><label> Art:<br \/>\n<span class=\"wpcf7-form-control-wrap\" data-name=\"art\"><span class=\"wpcf7-form-control wpcf7-checkbox\"><span class=\"wpcf7-list-item first\"><label><input type=\"checkbox\" name=\"art[]\" value=\"Postfrisch\" \/><span class=\"wpcf7-list-item-label\">Postfrisch<\/span><\/label><\/span><span class=\"wpcf7-list-item\"><label><input type=\"checkbox\" name=\"art[]\" value=\"Gestempelt\" \/><span class=\"wpcf7-list-item-label\">Gestempelt<\/span><\/label><\/span><span class=\"wpcf7-list-item last\"><label><input type=\"checkbox\" name=\"art[]\" value=\"FDC \/ Ersttagsbrief\" \/><span class=\"wpcf7-list-item-label\">FDC \/ Ersttagsbrief<\/span><\/label><\/span><\/span><\/span><br \/>\n<\/label>\n<\/p>\n<p><input class=\"wpcf7-form-control wpcf7-submit has-spinner\" type=\"submit\" value=\"Senden\" \/>\n<\/p><div class=\"wpcf7-response-output\" aria-hidden=\"true\"><\/div>\n<\/form>\n<\/div>\n\n<p><a href=\"https:\/\/www.briefmarken.ch\/de\/verkaufsbedingungen\/\" target=\"_top\">Bitte beachten Sie unsere allgemeinen Verkaufsbedingungen.<\/a><\/p>\n","protected":false},"excerpt":{"rendered":"<p>Mit einem Neuheiten-Abonnement von Zumstein sind auch Sie mittendrin! Bei uns k\u00f6nnen Sie das Abonnement Ihren pers\u00f6nlichen Sammlerw\u00fcnschen anpassen: Abonnieren Sie L\u00e4nder und\/oder einzelne Motive, die Sie in Ihrer Sammlung unbedingt vertreten haben m\u00f6chten. Automatisch liefern wir Ihnen in regelm\u00e4ssigen Abst\u00e4nden (jeweils nach Erscheinen der Neuheitenliste oder halbj\u00e4hrlich) die f\u00fcr Sie in Frage kommenden Neuheiten.&nbsp;<a class=\"more\" href=\"https:\/\/www.briefmarken.ch\/de\/service\/neuheiten-abonnement\/\">Mehr<\/a><\/p>\n","protected":false},"author":1,"featured_media":0,"parent":43,"menu_order":3,"comment_status":"closed","ping_status":"closed","template":"page-sidebar.php","meta":{"_acf_changed":false,"footnotes":""},"class_list":["post-79","page","type-page","status-publish","hentry"],"acf":[],"_links":{"self":[{"href":"https:\/\/www.briefmarken.ch\/de\/wp-json\/wp\/v2\/pages\/79","targetHints":{"allow":["GET"]}}],"collection":[{"href":"https:\/\/www.briefmarken.ch\/de\/wp-json\/wp\/v2\/pages"}],"about":[{"href":"https:\/\/www.briefmarken.ch\/de\/wp-json\/wp\/v2\/types\/page"}],"author":[{"embeddable":true,"href":"https:\/\/www.briefmarken.ch\/de\/wp-json\/wp\/v2\/users\/1"}],"replies":[{"embeddable":true,"href":"https:\/\/www.briefmarken.ch\/de\/wp-json\/wp\/v2\/comments?post=79"}],"version-history":[{"count":24,"href":"https:\/\/www.briefmarken.ch\/de\/wp-json\/wp\/v2\/pages\/79\/revisions"}],"predecessor-version":[{"id":355,"href":"https:\/\/www.briefmarken.ch\/de\/wp-json\/wp\/v2\/pages\/79\/revisions\/355"}],"up":[{"embeddable":true,"href":"https:\/\/www.briefmarken.ch\/de\/wp-json\/wp\/v2\/pages\/43"}],"wp:attachment":[{"href":"https:\/\/www.briefmarken.ch\/de\/wp-json\/wp\/v2\/media?parent=79"}],"curies":[{"name":"wp","href":"https:\/\/api.w.org\/{rel}","templated":true}]}}