{"id":74,"date":"2025-10-07T20:24:39","date_gmt":"2025-10-07T18:24:39","guid":{"rendered":"https:\/\/www.briefmarken.ch\/?page_id=74"},"modified":"2025-12-11T16:10:23","modified_gmt":"2025-12-11T15:10:23","slug":"auswahldienst","status":"publish","type":"page","link":"https:\/\/www.briefmarken.ch\/de\/service\/auswahldienst\/","title":{"rendered":"Auswahldienst"},"content":{"rendered":"<h1>Der Auswahldienst von Zumstein<\/h1>\n<h2>Zur Vollendung Ihrer Sammlung!<\/h2>\n<p align=\"justify\">Viele Sammler finden oder nehmen sich nicht die Zeit, Manko- und Bestell-Listen aufzuschreiben, sondern ziehen es vor, ihre Sammlung aus Auswahlsendungen zu erg\u00e4nzen. Diesem Umstand tr\u00e4gt unsere gut organisierte Auswahlabteilung Rechnung. Da ihr ein grosses Lager zur Verf\u00fcgung steht, ist sie stets in der Lage, den Sammlern nach und nach eine enorme Auswahl an\u00a0Material zu unterbreiten.<\/p>\n<p align=\"justify\">Aus Zolltechnischen Gr\u00fcnden k\u00f6nnen wir die Auswahlen nur in der Schweiz versenden. Daher bitten wir unsere Kunden aus anderen L\u00e4ndern, uns\u00a0ihre Fehllisten bitte per Post oder auch per E-Mail zuzusenden: <a href=\"mailto:post_zumstein@briefmarken.ch\">post_zumstein@briefmarken.ch<\/a>.<\/p>\n<h2>Zumstein Auswahlen<\/h2>\n<ul>\n<li>Sind nach L\u00e4ndern oder Motiven geordnet.<\/li>\n<li>Sind mit Katalognummern und Preisen versehen.<\/li>\n<li>Enthalten nur Marken in anerkannt guter Qualit\u00e4t.<\/li>\n<\/ul>\n<p>Wir haben stets Auswahlen aller europ\u00e4ischen L\u00e4nder versandbereit. F\u00fcr \u00dcbersee stellen wir gerne uswahlen (soweit m\u00f6glich) zusammen. Auch sind immer viele Motivauswahlen verf\u00fcgbar. Teilen Sie uns Ihre W\u00fcnsche mit, und wir werden uns bem\u00fchen auch schwierigste Anfragen bestm\u00f6glich zu erledigen.<\/p>\n<p>Uns noch unbekannte Sammler bitten wir um Referenz-Angabe. An Minderj\u00e4hrige k\u00f6nnen wir Auswahlen nur mit Einwilligung der Eltern (bitte die Bestellung unterschreiben) senden.<\/p>\n<h2>L\u00e4nder in Europa<\/h2>\n<p>Andorra (Franz. + Span. Post), Belgien, D\u00e4nemark, F\u00e4r\u00f6er, Gr\u00f6nland, Danzig, Altdeutsche Staaten, Deutsches Reich, Bundesrepublik Deutschland, Berlin, Deutsche Demokratische Republik, Finnland, Aland, Frankreich, Gibraltar, Griechenland, Gr\u00f6nland, Grossbritannien, Alderney, Guernsey, Isle of Man, Jersey, Irland, Island, Italien, Jugoslawien, Kreta, Kroatien, Liechtenstein, Luxemburg, Malta, Memelgebiet, Monaco, Montenegro, Niderlande, Norwegen, \u00d6sterreich, Portugal, Azoren, Madeira, Samos, San Marino, Schweden, Schweiz, Spanien, Thrazien, Triest, T\u00fcrkei, Vatikanstaat, Vereinte Nationen Genf\/Wien, Zyern (T\u00fcrk. \u2013 zypriotische Post)<br \/>\nAlbanien, Armenien, Aserbeidschan, Bosnien, Bulgarien, Estland, Georgien, Kasachstan, Kirgistan, Lettland, Litauen, Moldawien, Polen, Rum\u00e4nien, Russland, Sowjetunion, Slowakische Republik, Tadschikistan, Tschechoslowakei, Tschechische Republik, Turkmenistan, Ungarn, Usbekistan.<\/p>\n<h2>Motive und Thematik<\/h2>\n<p>Autos, Blumen, Eisenbahnen, Flugzeuge, Flugpost, Gem\u00e4lde, Hunde, Mineralien, Musik, Pfadfinder, Pferde, Rotes Kreuz, Schach, Schiffe, Sport, Tiere, Trauben-Reben-Wein, Weltraum, Weihnachten, Nobelpreistr\u00e4ger.<\/p>\n<h2>Ihre Vorteile mit Auswahlen<\/h2>\n<ol>\n<li>Nur erstklassige Briefmarken in \u201eZumstein-Qualit\u00e4t\u201c.<\/li>\n<li>Material wird regelm\u00e4ssig auf F\u00e4lschungen \u00fcberpr\u00fcft.<\/li>\n<li>Ganzes Zumstein-Markenlager steht zur Verf\u00fcgung.<\/li>\n<li>Den Zeitpunkt, wann Sie Ihre Auswahlen bearbeiten, bestimmen Sie.<\/li>\n<li>In aller Ruhe ausw\u00e4hlen, ohne dass Ihnen Neugierige \u00fcber die Schulter schauen.<\/li>\n<li>Immer mehr zufriedene Kunden beanspruchen den erstklassigen Auswahldienst.<\/li>\n<\/ol>\n<p><a class=\"button\" href=\"mailto:post_zumstein@briefmarken.ch\">Kontaktieren Sie uns<\/a><\/p>\n<hr \/>\n<h2>Anmeldung zum Auswahldienst<\/h2>\n<p><strong>Ja, ich interessiere mich f\u00fcr ein Auswahlabonnement:<\/strong><\/p>\n\n<div class=\"wpcf7 no-js\" id=\"wpcf7-f173-o1\" lang=\"de-CH\" dir=\"ltr\" data-wpcf7-id=\"173\">\n<div class=\"screen-reader-response\"><p role=\"status\" aria-live=\"polite\" aria-atomic=\"true\"><\/p> <ul><\/ul><\/div>\n<form action=\"\/de\/wp-json\/wp\/v2\/pages\/74#wpcf7-f173-o1\" method=\"post\" class=\"wpcf7-form init\" aria-label=\"Contact form\" novalidate=\"novalidate\" data-status=\"init\">\n<fieldset class=\"hidden-fields-container\"><input type=\"hidden\" name=\"_wpcf7\" value=\"173\" \/><input type=\"hidden\" name=\"_wpcf7_version\" value=\"6.1.5\" \/><input type=\"hidden\" name=\"_wpcf7_locale\" value=\"de_CH\" \/><input type=\"hidden\" name=\"_wpcf7_unit_tag\" value=\"wpcf7-f173-o1\" \/><input type=\"hidden\" name=\"_wpcf7_container_post\" value=\"0\" \/><input type=\"hidden\" name=\"_wpcf7_posted_data_hash\" value=\"\" \/>\n<\/fieldset>\n<p><label> Gew\u00fcnschtes Land<br \/>\n<span class=\"wpcf7-form-control-wrap\" data-name=\"gewuenschtes-land\"><input size=\"40\" maxlength=\"400\" class=\"wpcf7-form-control wpcf7-text wpcf7-validates-as-required\" aria-required=\"true\" aria-invalid=\"false\" value=\"\" type=\"text\" name=\"gewuenschtes-land\" \/><\/span><br \/>\n<\/label>\n<\/p>\n<p><label> Motiv<br \/>\n<span class=\"wpcf7-form-control-wrap\" data-name=\"motiv\"><input size=\"40\" maxlength=\"400\" class=\"wpcf7-form-control wpcf7-text wpcf7-validates-as-required\" aria-required=\"true\" aria-invalid=\"false\" value=\"\" type=\"text\" name=\"motiv\" \/><\/span><br \/>\n<\/label>\n<\/p>\n<hr \/>\n<p><label> Kundennummer<br \/>\n<span class=\"wpcf7-form-control-wrap\" data-name=\"kundennummer\"><input size=\"40\" maxlength=\"400\" class=\"wpcf7-form-control wpcf7-text\" aria-invalid=\"false\" value=\"\" type=\"text\" name=\"kundennummer\" \/><\/span><br \/>\n<\/label>\n<\/p>\n<p><label> Name<br \/>\n<span class=\"wpcf7-form-control-wrap\" data-name=\"nachname\"><input size=\"40\" maxlength=\"400\" class=\"wpcf7-form-control wpcf7-text wpcf7-validates-as-required\" autocomplete=\"family-name\" aria-required=\"true\" aria-invalid=\"false\" value=\"\" type=\"text\" name=\"nachname\" \/><\/span><br \/>\n<\/label>\n<\/p>\n<p><label> Vorname<br \/>\n<span class=\"wpcf7-form-control-wrap\" data-name=\"vorname\"><input size=\"40\" maxlength=\"400\" class=\"wpcf7-form-control wpcf7-text wpcf7-validates-as-required\" autocomplete=\"given-name\" aria-required=\"true\" aria-invalid=\"false\" value=\"\" type=\"text\" name=\"vorname\" \/><\/span><br \/>\n<\/label>\n<\/p>\n<p><label> Strasse<br \/>\n<span class=\"wpcf7-form-control-wrap\" data-name=\"strasse\"><input size=\"40\" maxlength=\"400\" class=\"wpcf7-form-control wpcf7-text wpcf7-validates-as-required\" autocomplete=\"street-address\" aria-required=\"true\" aria-invalid=\"false\" value=\"\" type=\"text\" name=\"strasse\" \/><\/span><br \/>\n<\/label>\n<\/p>\n<p><label> PLZ \/ Ort<br \/>\n<span class=\"wpcf7-form-control-wrap\" data-name=\"plz-ort\"><input size=\"40\" maxlength=\"400\" class=\"wpcf7-form-control wpcf7-text wpcf7-validates-as-required\" aria-required=\"true\" aria-invalid=\"false\" value=\"\" type=\"text\" name=\"plz-ort\" \/><\/span><br \/>\n<\/label>\n<\/p>\n<p><label> Land<br \/>\n<span class=\"wpcf7-form-control-wrap\" data-name=\"land\"><input size=\"40\" maxlength=\"400\" class=\"wpcf7-form-control wpcf7-text wpcf7-validates-as-required\" autocomplete=\"country\" aria-required=\"true\" aria-invalid=\"false\" value=\"\" type=\"text\" name=\"land\" \/><\/span><br \/>\n<\/label>\n<\/p>\n<p><label> Telefon<br \/>\n<span class=\"wpcf7-form-control-wrap\" data-name=\"telefon\"><input size=\"40\" maxlength=\"400\" class=\"wpcf7-form-control wpcf7-tel wpcf7-text wpcf7-validates-as-tel\" autocomplete=\"tel\" aria-invalid=\"false\" value=\"\" type=\"tel\" name=\"telefon\" \/><\/span><br \/>\n<\/label>\n<\/p>\n<p><label> E-Mail-Adresse<br \/>\n<span class=\"wpcf7-form-control-wrap\" data-name=\"email\"><input size=\"40\" maxlength=\"400\" class=\"wpcf7-form-control wpcf7-email wpcf7-validates-as-required wpcf7-text wpcf7-validates-as-email\" autocomplete=\"email\" aria-required=\"true\" aria-invalid=\"false\" value=\"\" type=\"email\" name=\"email\" \/><\/span><br \/>\n<\/label>\n<\/p>\n<p><input class=\"wpcf7-form-control wpcf7-submit has-spinner\" type=\"submit\" value=\"Senden\" \/>\n<\/p><div class=\"wpcf7-response-output\" aria-hidden=\"true\"><\/div>\n<\/form>\n<\/div>\n\n<p><a href=\"\/de\/verkaufsbedingungen\/\" target=\"_top\">Bitte beachten Sie unsere allgemeinen Verkaufsbedingungen.<\/a><\/p>\n","protected":false},"excerpt":{"rendered":"<p>Der Auswahldienst von Zumstein Zur Vollendung Ihrer Sammlung! Viele Sammler finden oder nehmen sich nicht die Zeit, Manko- und Bestell-Listen aufzuschreiben, sondern ziehen es vor, ihre Sammlung aus Auswahlsendungen zu erg\u00e4nzen. Diesem Umstand tr\u00e4gt unsere gut organisierte Auswahlabteilung Rechnung. Da ihr ein grosses Lager zur Verf\u00fcgung steht, ist sie stets in der Lage, den Sammlern&nbsp;<a class=\"more\" href=\"https:\/\/www.briefmarken.ch\/de\/service\/auswahldienst\/\">Mehr<\/a><\/p>\n","protected":false},"author":1,"featured_media":0,"parent":43,"menu_order":2,"comment_status":"closed","ping_status":"closed","template":"page-sidebar.php","meta":{"_acf_changed":false,"footnotes":""},"class_list":["post-74","page","type-page","status-publish","hentry"],"acf":[],"_links":{"self":[{"href":"https:\/\/www.briefmarken.ch\/de\/wp-json\/wp\/v2\/pages\/74","targetHints":{"allow":["GET"]}}],"collection":[{"href":"https:\/\/www.briefmarken.ch\/de\/wp-json\/wp\/v2\/pages"}],"about":[{"href":"https:\/\/www.briefmarken.ch\/de\/wp-json\/wp\/v2\/types\/page"}],"author":[{"embeddable":true,"href":"https:\/\/www.briefmarken.ch\/de\/wp-json\/wp\/v2\/users\/1"}],"replies":[{"embeddable":true,"href":"https:\/\/www.briefmarken.ch\/de\/wp-json\/wp\/v2\/comments?post=74"}],"version-history":[{"count":10,"href":"https:\/\/www.briefmarken.ch\/de\/wp-json\/wp\/v2\/pages\/74\/revisions"}],"predecessor-version":[{"id":179,"href":"https:\/\/www.briefmarken.ch\/de\/wp-json\/wp\/v2\/pages\/74\/revisions\/179"}],"up":[{"embeddable":true,"href":"https:\/\/www.briefmarken.ch\/de\/wp-json\/wp\/v2\/pages\/43"}],"wp:attachment":[{"href":"https:\/\/www.briefmarken.ch\/de\/wp-json\/wp\/v2\/media?parent=74"}],"curies":[{"name":"wp","href":"https:\/\/api.w.org\/{rel}","templated":true}]}}