{"id":40,"date":"2025-10-07T18:00:45","date_gmt":"2025-10-07T16:00:45","guid":{"rendered":"https:\/\/www.briefmarken.ch\/?page_id=40"},"modified":"2025-12-22T18:43:01","modified_gmt":"2025-12-22T17:43:01","slug":"home","status":"publish","type":"page","link":"https:\/\/www.briefmarken.ch\/de\/","title":{"rendered":"Home"},"content":{"rendered":"<h1 style=\"text-align: center;\">Die Welt der Briefmarken<\/h1>\n<p><img loading=\"lazy\" decoding=\"async\" class=\"size-full wp-image-345 aligncenter\" src=\"https:\/\/www.briefmarken.ch\/wp-content\/uploads\/2025\/12\/startbild.png\" alt=\"\" width=\"506\" height=\"394\" \/><\/p>\n<h4>BBZ<\/h4>\n<p>Die \u00e4usserst beliebte Berner Briefmarken Zeitung mit den Nachtr\u00e4gen zu den Zumstein-Katalogen erscheint 6x pro Jahr und enth\u00e4lt viele interessante Fachartikel und vieles mehr.<\/p>\n<p>Bleiben Sie gut informiert!<\/p>\n<p><a href=\"https:\/\/www.briefmarken.ch\/zshop\/contents\/de\/d4.html\">Bestellen Sie jetzt!<\/a><\/p>\n<hr \/>\n<h4>Der neue Katalog 2026<\/h4>\n<p>Der neue Zumstein Katalog CH\/FL\/UNO Ge 2026 ist da! Mit aktu\u00adellst\u00aden Preisen, dem Katalog-Nachtrag, neuen Stempel\u00ad\u00adf\u00e4l\u00adschung\u00aden, neuen Abarten und synoptischen Tafeln und den aktuellen Swiss Crypto Stamps und vielem mehr.<\/p>\n<p><a href=\"https:\/\/www.briefmarken.ch\/zshop\/contents\/de\/d9.html\">Jetzt bestellen!<\/a><\/p>\n","protected":false},"excerpt":{"rendered":"<p>Die Welt der Briefmarken BBZ Die \u00e4usserst beliebte Berner Briefmarken Zeitung mit den Nachtr\u00e4gen zu den Zumstein-Katalogen erscheint 6x pro Jahr und enth\u00e4lt viele interessante Fachartikel und vieles mehr. Bleiben Sie gut informiert! Bestellen Sie jetzt! Der neue Katalog 2026 Der neue Zumstein Katalog CH\/FL\/UNO Ge 2026 ist da! Mit aktu\u00adellst\u00aden Preisen, dem Katalog-Nachtrag, neuen&nbsp;<a class=\"more\" href=\"https:\/\/www.briefmarken.ch\/de\/\">Mehr<\/a><\/p>\n","protected":false},"author":1,"featured_media":0,"parent":0,"menu_order":0,"comment_status":"closed","ping_status":"closed","template":"","meta":{"_acf_changed":false,"footnotes":""},"class_list":["post-40","page","type-page","status-publish","hentry"],"acf":[],"_links":{"self":[{"href":"https:\/\/www.briefmarken.ch\/de\/wp-json\/wp\/v2\/pages\/40","targetHints":{"allow":["GET"]}}],"collection":[{"href":"https:\/\/www.briefmarken.ch\/de\/wp-json\/wp\/v2\/pages"}],"about":[{"href":"https:\/\/www.briefmarken.ch\/de\/wp-json\/wp\/v2\/types\/page"}],"author":[{"embeddable":true,"href":"https:\/\/www.briefmarken.ch\/de\/wp-json\/wp\/v2\/users\/1"}],"replies":[{"embeddable":true,"href":"https:\/\/www.briefmarken.ch\/de\/wp-json\/wp\/v2\/comments?post=40"}],"version-history":[{"count":10,"href":"https:\/\/www.briefmarken.ch\/de\/wp-json\/wp\/v2\/pages\/40\/revisions"}],"predecessor-version":[{"id":349,"href":"https:\/\/www.briefmarken.ch\/de\/wp-json\/wp\/v2\/pages\/40\/revisions\/349"}],"wp:attachment":[{"href":"https:\/\/www.briefmarken.ch\/de\/wp-json\/wp\/v2\/media?parent=40"}],"curies":[{"name":"wp","href":"https:\/\/api.w.org\/{rel}","templated":true}]}}