{"id":23,"date":"2025-10-06T21:26:07","date_gmt":"2025-10-06T19:26:07","guid":{"rendered":"https:\/\/www.briefmarken.ch\/?page_id=23"},"modified":"2025-12-13T20:05:40","modified_gmt":"2025-12-13T19:05:40","slug":"briefmarken","status":"publish","type":"page","link":"https:\/\/www.briefmarken.ch\/de\/produkte\/briefmarken\/","title":{"rendered":"Briefmarken"},"content":{"rendered":"<h1>Briefmarken der ganzen Welt<\/h1>\n<p>Unser Sortiment umfasst ein umfangreiches und buntes Angebot an gepr\u00fcften Briefmarken der Schweiz, Europa und aus \u00dcbersee. <strong>Wir k\u00f6nnen praktisch jedes Land liefern \u2013 fragen Sie uns an.<\/strong><\/p>\n<p>Selbstverst\u00e4ndlich liefern wir auch sortiert nach Themen. Eine Liste der L\u00e4nder und Themen finden Sie in unserem Online-Shop.<\/p>\n<p>Falls Sie in unserem Angebot ein Thema nicht finden sollten, fragen Sie uns einfach an. Wir werden dann unser Bestes versuchen, Ihnen das Gew\u00fcnschte zu besorgen.<\/p>\n<p>F\u00fcr weitere Informationen oder Bestellungen <a href=\"https:\/\/www.briefmarken.ch\/zshop\/contents\/de\/d1.html\">besuchen Sie unseren Online-Shop<\/a>.<\/p>\n","protected":false},"excerpt":{"rendered":"<p>Briefmarken der ganzen Welt Unser Sortiment umfasst ein umfangreiches und buntes Angebot an gepr\u00fcften Briefmarken der Schweiz, Europa und aus \u00dcbersee. Wir k\u00f6nnen praktisch jedes Land liefern \u2013 fragen Sie uns an. Selbstverst\u00e4ndlich liefern wir auch sortiert nach Themen. Eine Liste der L\u00e4nder und Themen finden Sie in unserem Online-Shop. Falls Sie in unserem Angebot&nbsp;<a class=\"more\" href=\"https:\/\/www.briefmarken.ch\/de\/produkte\/briefmarken\/\">Mehr<\/a><\/p>\n","protected":false},"author":1,"featured_media":0,"parent":21,"menu_order":7,"comment_status":"closed","ping_status":"closed","template":"page-sidebar.php","meta":{"_acf_changed":false,"footnotes":""},"class_list":["post-23","page","type-page","status-publish","hentry"],"acf":[],"_links":{"self":[{"href":"https:\/\/www.briefmarken.ch\/de\/wp-json\/wp\/v2\/pages\/23","targetHints":{"allow":["GET"]}}],"collection":[{"href":"https:\/\/www.briefmarken.ch\/de\/wp-json\/wp\/v2\/pages"}],"about":[{"href":"https:\/\/www.briefmarken.ch\/de\/wp-json\/wp\/v2\/types\/page"}],"author":[{"embeddable":true,"href":"https:\/\/www.briefmarken.ch\/de\/wp-json\/wp\/v2\/users\/1"}],"replies":[{"embeddable":true,"href":"https:\/\/www.briefmarken.ch\/de\/wp-json\/wp\/v2\/comments?post=23"}],"version-history":[{"count":5,"href":"https:\/\/www.briefmarken.ch\/de\/wp-json\/wp\/v2\/pages\/23\/revisions"}],"predecessor-version":[{"id":298,"href":"https:\/\/www.briefmarken.ch\/de\/wp-json\/wp\/v2\/pages\/23\/revisions\/298"}],"up":[{"embeddable":true,"href":"https:\/\/www.briefmarken.ch\/de\/wp-json\/wp\/v2\/pages\/21"}],"wp:attachment":[{"href":"https:\/\/www.briefmarken.ch\/de\/wp-json\/wp\/v2\/media?parent=23"}],"curies":[{"name":"wp","href":"https:\/\/api.w.org\/{rel}","templated":true}]}}