{"id":160,"date":"2025-12-11T15:46:38","date_gmt":"2025-12-11T14:46:38","guid":{"rendered":"https:\/\/www.briefmarken.ch\/?page_id=160"},"modified":"2025-12-28T20:02:33","modified_gmt":"2025-12-28T19:02:33","slug":"news","status":"publish","type":"page","link":"https:\/\/www.briefmarken.ch\/de\/firma\/news\/","title":{"rendered":"News"},"content":{"rendered":"<h2>Der neue Zumstein Schweiz\/Liechtenstein Katalog 2026<\/h2>\n<h4>Seit \u00fcber 121 Jahren die \u00abBibel\u00bb der Philatelisten<\/h4>\n<div class=\"block-image\"><img loading=\"lazy\" decoding=\"async\" class=\"size-full wp-image-150 alignright\" src=\"https:\/\/www.briefmarken.ch\/wp-content\/uploads\/2025\/12\/Zumstein_SL_2026_beide_gut_01.jpg\" alt=\"\" width=\"299\" height=\"183\" \/><\/p>\n<p>Viele Verbesserungen im Textteil und bei den Markenabbildungen tragen zu dieser interessanten Ausgabe dieses Kataloges bei. Die Preisnotierungen richten sich nach dem Markt, was sich im neuen Zumstein-Katalog 2026 auswirkt. Wir danken auch f\u00fcr die vielen Zuschriften f\u00fcr den Katalog betreffend Abarten, Korrekturen und Preis\u00e4nderungen etc. und sehen dies auch als unsere Aufgabe, dem Sammler jedes Jahr eine seri\u00f6se Grundlage f\u00fcr die schweizer Philatelie zur Verf\u00fcgung zu stellen. F\u00fcr Bestellungen wenden Sie sich direkt an den Zumstein-Verlag in Bern oder bestellen Sie in unserem Online Shop.<\/p>\n<p>Mit dem neuen Zumstein Katalog 2026 starten Sie gut informiert!<\/p>\n<p><a class=\"button\" href=\"https:\/\/www.briefmarken.ch\/zshop\/contents\/de\/d9.html\">Jetzt bestellen!<\/a><\/p>\n<\/div>\n<hr \/>\n<h2>Neues und Aktuelles<\/h2>\n<h4>Berner Briefmarken Zeitung<\/h4>\n<p>Die international weitverbreitete Fachzeitschrift mit den Nachtr\u00e4gen zu den Zumstein-Katalogen. Die BBZ erscheint 2026 bereits im 118. Jahrgang \u2013 ein Beweis f\u00fcr ihre stetige Beliebtheit. Redaktion: Chr. Hertsch, Experte AIEP + SBPV.<\/p>\n<h4>Abonnieren Sie jetzt!<\/h4>\n<p>Ein Jahresabonnement kostet f\u00fcr die Schweiz Fr. 59.&#8211;, im Ausland Fr. 70.&#8211;. Auf Wunsch versenden wir auch gerne gratis eine Probenummer. Jetzt abonnieren und mit der neuesten Ausgabe starten! Dazu gratis drei vorhergehende Nummern der BBZ.<\/p>\n<p><a class=\"button\" href=\"https:\/\/www.briefmarken.ch\/zshop\/contents\/de\/d4.html\">Jetzt bestellen!<\/a><\/p>\n","protected":false},"excerpt":{"rendered":"<p>Der neue Zumstein Schweiz\/Liechtenstein Katalog 2026 Seit \u00fcber 121 Jahren die \u00abBibel\u00bb der Philatelisten Viele Verbesserungen im Textteil und bei den Markenabbildungen tragen zu dieser interessanten Ausgabe dieses Kataloges bei. Die Preisnotierungen richten sich nach dem Markt, was sich im neuen Zumstein-Katalog 2026 auswirkt. Wir danken auch f\u00fcr die vielen Zuschriften f\u00fcr den Katalog betreffend&nbsp;<a class=\"more\" href=\"https:\/\/www.briefmarken.ch\/de\/firma\/news\/\">Mehr<\/a><\/p>\n","protected":false},"author":1,"featured_media":0,"parent":7,"menu_order":16,"comment_status":"closed","ping_status":"closed","template":"page-sidebar.php","meta":{"_acf_changed":false,"footnotes":""},"class_list":["post-160","page","type-page","status-publish","hentry"],"acf":[],"_links":{"self":[{"href":"https:\/\/www.briefmarken.ch\/de\/wp-json\/wp\/v2\/pages\/160","targetHints":{"allow":["GET"]}}],"collection":[{"href":"https:\/\/www.briefmarken.ch\/de\/wp-json\/wp\/v2\/pages"}],"about":[{"href":"https:\/\/www.briefmarken.ch\/de\/wp-json\/wp\/v2\/types\/page"}],"author":[{"embeddable":true,"href":"https:\/\/www.briefmarken.ch\/de\/wp-json\/wp\/v2\/users\/1"}],"replies":[{"embeddable":true,"href":"https:\/\/www.briefmarken.ch\/de\/wp-json\/wp\/v2\/comments?post=160"}],"version-history":[{"count":12,"href":"https:\/\/www.briefmarken.ch\/de\/wp-json\/wp\/v2\/pages\/160\/revisions"}],"predecessor-version":[{"id":358,"href":"https:\/\/www.briefmarken.ch\/de\/wp-json\/wp\/v2\/pages\/160\/revisions\/358"}],"up":[{"embeddable":true,"href":"https:\/\/www.briefmarken.ch\/de\/wp-json\/wp\/v2\/pages\/7"}],"wp:attachment":[{"href":"https:\/\/www.briefmarken.ch\/de\/wp-json\/wp\/v2\/media?parent=160"}],"curies":[{"name":"wp","href":"https:\/\/api.w.org\/{rel}","templated":true}]}}