{"id":113,"date":"2025-10-07T21:17:28","date_gmt":"2025-10-07T19:17:28","guid":{"rendered":"https:\/\/www.briefmarken.ch\/?page_id=113"},"modified":"2025-12-13T17:15:03","modified_gmt":"2025-12-13T16:15:03","slug":"jugend-spiele","status":"publish","type":"page","link":"https:\/\/www.briefmarken.ch\/de\/produkte\/jugend-spiele\/","title":{"rendered":"Jugend &#038; Spiele"},"content":{"rendered":"<h1>Jugend &amp; Spiele<\/h1>\n<p>Bei Zumstein ist jeder Tag ein Jugendtag! Unsere Verk\u00e4uferinnen nehmen sich gerne Zeit f\u00fcr deine pers\u00f6nliche Bedienung und Beratung. Wir freuen uns schon auf deinen Besuch in unserem Laden.<\/p>\n<h3>Ein unvergesslicher Ausflug<\/h3>\n<p>Eine Reise in die Bundeshauptstadt ist immer ein lohnender Ausflug! Da gibt es nicht nur das Museum f\u00fcr Kommunikation, wo es tolle Rarit\u00e4ten wie etwa den 15er-Block der Baslertaube zu sehen gibt, sondern auch noch das Gr\u00fcndungshaus des Weltpostvereins (UPU) in der Zeughausgasse (nur wenige Schritte von Zumstein entfernt).<\/p>\n<h3>G\u00fcnstige Kataloge<\/h3>\n<p>Wir haben Verst\u00e4ndnis daf\u00fcr, dass dein Portemonnaie noch nicht so gross ist und offerieren dir deshalb den jeweiligen Vorjahres-Katalog (Schweiz\/Liechtenstein) f\u00fcr nur Fr. 5.&#8211;. Lege deiner Bestellung einfach Fr. 9.50 in frankaturg\u00fcltigen Briefmarken bei oder besuche unseren Laden an der Zeughausgasse in Bern.<\/p>\n<h3>Briefmarkenunterlagen f\u00fcr Vortr\u00e4ge<\/h3>\n<p>Um die Vortr\u00e4ge in der Schule \u00fcber dein spannendes Hobby zu unterst\u00fctzen, haben wir ein Set mit Bildmaterial \u00fcber seltene Briefmarken und nat\u00fcrlich \u00fcber die Basler-Taube bereitgestellt.<\/p>\n<h3><a href=\"https:\/\/www.briefmarken.ch\/zshop\/contents\/de\/d4.html\">Gratis Probezeitschrift<\/a><\/h3>\n<p>Schau mal rein in unsere Berner Briefmarken Zeitung, welche \u00fcber Neuheiten der ganzen Welt, die aktuellen Angaben zu neuen Abarten, Plattenfehlern und gef\u00e4hrlichen F\u00e4lschungen informiert.<\/p>\n<h3><a href=\"https:\/\/www.briefmarken.ch\/index.php?id=20\">Zumstein Ratgeber<\/a><\/h3>\n<p>Das 1&#215;1 der Briefmarken mit vielen interessanten Themen: Sammelfieber, Sammelarten, wie sammelt man Briefmarken?, worauf man achten muss, vom Druck der Marken, finanzielle Aspekte, das Waschen und Pflegen, die Vorteile des Albums, Vodruck oder Vordrucklos? Und das philatelistische Zubeh\u00f6r aus unserem Verlag.<\/p>\n","protected":false},"excerpt":{"rendered":"<p>Jugend &amp; Spiele Bei Zumstein ist jeder Tag ein Jugendtag! Unsere Verk\u00e4uferinnen nehmen sich gerne Zeit f\u00fcr deine pers\u00f6nliche Bedienung und Beratung. Wir freuen uns schon auf deinen Besuch in unserem Laden. Ein unvergesslicher Ausflug Eine Reise in die Bundeshauptstadt ist immer ein lohnender Ausflug! Da gibt es nicht nur das Museum f\u00fcr Kommunikation, wo&nbsp;<a class=\"more\" href=\"https:\/\/www.briefmarken.ch\/de\/produkte\/jugend-spiele\/\">Mehr<\/a><\/p>\n","protected":false},"author":1,"featured_media":0,"parent":21,"menu_order":14,"comment_status":"closed","ping_status":"closed","template":"page-sidebar.php","meta":{"_acf_changed":false,"footnotes":""},"class_list":["post-113","page","type-page","status-publish","hentry"],"acf":[],"_links":{"self":[{"href":"https:\/\/www.briefmarken.ch\/de\/wp-json\/wp\/v2\/pages\/113","targetHints":{"allow":["GET"]}}],"collection":[{"href":"https:\/\/www.briefmarken.ch\/de\/wp-json\/wp\/v2\/pages"}],"about":[{"href":"https:\/\/www.briefmarken.ch\/de\/wp-json\/wp\/v2\/types\/page"}],"author":[{"embeddable":true,"href":"https:\/\/www.briefmarken.ch\/de\/wp-json\/wp\/v2\/users\/1"}],"replies":[{"embeddable":true,"href":"https:\/\/www.briefmarken.ch\/de\/wp-json\/wp\/v2\/comments?post=113"}],"version-history":[{"count":4,"href":"https:\/\/www.briefmarken.ch\/de\/wp-json\/wp\/v2\/pages\/113\/revisions"}],"predecessor-version":[{"id":208,"href":"https:\/\/www.briefmarken.ch\/de\/wp-json\/wp\/v2\/pages\/113\/revisions\/208"}],"up":[{"embeddable":true,"href":"https:\/\/www.briefmarken.ch\/de\/wp-json\/wp\/v2\/pages\/21"}],"wp:attachment":[{"href":"https:\/\/www.briefmarken.ch\/de\/wp-json\/wp\/v2\/media?parent=113"}],"curies":[{"name":"wp","href":"https:\/\/api.w.org\/{rel}","templated":true}]}}