{"id":110,"date":"2025-10-07T21:16:51","date_gmt":"2025-10-07T19:16:51","guid":{"rendered":"https:\/\/www.briefmarken.ch\/?page_id=110"},"modified":"2025-12-13T20:06:14","modified_gmt":"2025-12-13T19:06:14","slug":"zubehoer","status":"publish","type":"page","link":"https:\/\/www.briefmarken.ch\/de\/produkte\/zubehoer\/","title":{"rendered":"Zubeh\u00f6r"},"content":{"rendered":"<h1>Zubeh\u00f6r<\/h1>\n<p>Wir f\u00fchren ein sehr grosses Sortiment an Zubeh\u00f6r rund um die Philatelie. Wir bieten Ihnen zum Beispiel Alben, Lupen, Leuchtlupten, Mikroskope, Schutzcouverts, UV-Lampen und vieles mehr.<\/p>\n<p><a href=\"https:\/\/www.briefmarken.ch\/zshop\/contents\/de\/d3_briefmarken-zubehoer.html\" target=\"_top\">\u00dcberzeugen Sie sich selbst und besuchen Sie unseren Online-Shop<\/a>.<\/p>\n","protected":false},"excerpt":{"rendered":"<p>Zubeh\u00f6r Wir f\u00fchren ein sehr grosses Sortiment an Zubeh\u00f6r rund um die Philatelie. Wir bieten Ihnen zum Beispiel Alben, Lupen, Leuchtlupten, Mikroskope, Schutzcouverts, UV-Lampen und vieles mehr. \u00dcberzeugen Sie sich selbst und besuchen Sie unseren Online-Shop.<\/p>\n","protected":false},"author":1,"featured_media":0,"parent":21,"menu_order":13,"comment_status":"closed","ping_status":"closed","template":"page-sidebar.php","meta":{"_acf_changed":false,"footnotes":""},"class_list":["post-110","page","type-page","status-publish","hentry"],"acf":[],"_links":{"self":[{"href":"https:\/\/www.briefmarken.ch\/de\/wp-json\/wp\/v2\/pages\/110","targetHints":{"allow":["GET"]}}],"collection":[{"href":"https:\/\/www.briefmarken.ch\/de\/wp-json\/wp\/v2\/pages"}],"about":[{"href":"https:\/\/www.briefmarken.ch\/de\/wp-json\/wp\/v2\/types\/page"}],"author":[{"embeddable":true,"href":"https:\/\/www.briefmarken.ch\/de\/wp-json\/wp\/v2\/users\/1"}],"replies":[{"embeddable":true,"href":"https:\/\/www.briefmarken.ch\/de\/wp-json\/wp\/v2\/comments?post=110"}],"version-history":[{"count":2,"href":"https:\/\/www.briefmarken.ch\/de\/wp-json\/wp\/v2\/pages\/110\/revisions"}],"predecessor-version":[{"id":302,"href":"https:\/\/www.briefmarken.ch\/de\/wp-json\/wp\/v2\/pages\/110\/revisions\/302"}],"up":[{"embeddable":true,"href":"https:\/\/www.briefmarken.ch\/de\/wp-json\/wp\/v2\/pages\/21"}],"wp:attachment":[{"href":"https:\/\/www.briefmarken.ch\/de\/wp-json\/wp\/v2\/media?parent=110"}],"curies":[{"name":"wp","href":"https:\/\/api.w.org\/{rel}","templated":true}]}}