{"id":107,"date":"2025-10-07T21:15:47","date_gmt":"2025-10-07T19:15:47","guid":{"rendered":"https:\/\/www.briefmarken.ch\/?page_id=107"},"modified":"2025-12-13T20:06:07","modified_gmt":"2025-12-13T19:06:07","slug":"literatur","status":"publish","type":"page","link":"https:\/\/www.briefmarken.ch\/de\/produkte\/literatur\/","title":{"rendered":"Literatur"},"content":{"rendered":"<h1>Literatur<\/h1>\n<p>Mit einem grossen Sortiment an B\u00fcchern und Literatur rund um die Philatelie bieten wir Ihnen eine spannende, interessante und anregende M\u00f6glichkeit Ihr bestehendes Wissen zu vertiefen. Auch wer noch nicht \u00fcber ein grosses Fachwissen verf\u00fcgt findet bei uns B\u00fccher, welche ihm dieses spannende Thema auf verst\u00e4ndliche Weise n\u00e4her bringen werden.<\/p>\n<p><a href=\"https:\/\/www.briefmarken.ch\/zshop\/contents\/de\/d2.html\">\u00dcberzeugen Sie sich selbst und besuchen Sie unseren Online-Shop<\/a>.<\/p>\n<p>&nbsp;<\/p>\n<p>&nbsp;<\/p>\n","protected":false},"excerpt":{"rendered":"<p>Literatur Mit einem grossen Sortiment an B\u00fcchern und Literatur rund um die Philatelie bieten wir Ihnen eine spannende, interessante und anregende M\u00f6glichkeit Ihr bestehendes Wissen zu vertiefen. Auch wer noch nicht \u00fcber ein grosses Fachwissen verf\u00fcgt findet bei uns B\u00fccher, welche ihm dieses spannende Thema auf verst\u00e4ndliche Weise n\u00e4her bringen werden. \u00dcberzeugen Sie sich selbst&nbsp;<a class=\"more\" href=\"https:\/\/www.briefmarken.ch\/de\/produkte\/literatur\/\">Mehr<\/a><\/p>\n","protected":false},"author":1,"featured_media":0,"parent":21,"menu_order":12,"comment_status":"closed","ping_status":"closed","template":"page-sidebar.php","meta":{"_acf_changed":false,"footnotes":""},"class_list":["post-107","page","type-page","status-publish","hentry"],"acf":[],"_links":{"self":[{"href":"https:\/\/www.briefmarken.ch\/de\/wp-json\/wp\/v2\/pages\/107","targetHints":{"allow":["GET"]}}],"collection":[{"href":"https:\/\/www.briefmarken.ch\/de\/wp-json\/wp\/v2\/pages"}],"about":[{"href":"https:\/\/www.briefmarken.ch\/de\/wp-json\/wp\/v2\/types\/page"}],"author":[{"embeddable":true,"href":"https:\/\/www.briefmarken.ch\/de\/wp-json\/wp\/v2\/users\/1"}],"replies":[{"embeddable":true,"href":"https:\/\/www.briefmarken.ch\/de\/wp-json\/wp\/v2\/comments?post=107"}],"version-history":[{"count":4,"href":"https:\/\/www.briefmarken.ch\/de\/wp-json\/wp\/v2\/pages\/107\/revisions"}],"predecessor-version":[{"id":301,"href":"https:\/\/www.briefmarken.ch\/de\/wp-json\/wp\/v2\/pages\/107\/revisions\/301"}],"up":[{"embeddable":true,"href":"https:\/\/www.briefmarken.ch\/de\/wp-json\/wp\/v2\/pages\/21"}],"wp:attachment":[{"href":"https:\/\/www.briefmarken.ch\/de\/wp-json\/wp\/v2\/media?parent=107"}],"curies":[{"name":"wp","href":"https:\/\/api.w.org\/{rel}","templated":true}]}}