{"id":104,"date":"2025-10-07T21:14:20","date_gmt":"2025-10-07T19:14:20","guid":{"rendered":"https:\/\/www.briefmarken.ch\/?page_id=104"},"modified":"2025-12-13T20:06:01","modified_gmt":"2025-12-13T19:06:01","slug":"alben","status":"publish","type":"page","link":"https:\/\/www.briefmarken.ch\/de\/produkte\/alben\/","title":{"rendered":"Alben"},"content":{"rendered":"<h1>Alben<\/h1>\n<p>Geben Sie Ihrer Sammlung den Rahmen, den sie verdient! Denn um Ihre Briefmarken optisch sch\u00f6n pr\u00e4sentieren zu k\u00f6nnen, mussen diese unbedingt in einem Album eingeordnet sein. Was f\u00fcr einen ganz anderen Eindruck hinterl\u00e4sst doch eine sch\u00f6n aufgezogene Sammlung in einem sauberen Album, die Dubletten geordnet in einem Einsteckbuch.<\/p>\n<p>Deshalb bietet Ihnen Zumstein auch eine grosse Auswahl an verschiedenen Alben und Albenbl\u00e4ttern. Ob Expo-, Bogen-, Vordruckloses- oder FDC- &amp; Ganzsachen-Album, in <a href=\"https:\/\/www.briefmarken.ch\/zshop\/contents\/de\/d248.html\" target=\"_top\">unserem Online-Shop<\/a> finden Sie garantiert das richtige Album f\u00fcr Ihre Sammlung.<\/p>\n","protected":false},"excerpt":{"rendered":"<p>Alben Geben Sie Ihrer Sammlung den Rahmen, den sie verdient! Denn um Ihre Briefmarken optisch sch\u00f6n pr\u00e4sentieren zu k\u00f6nnen, mussen diese unbedingt in einem Album eingeordnet sein. Was f\u00fcr einen ganz anderen Eindruck hinterl\u00e4sst doch eine sch\u00f6n aufgezogene Sammlung in einem sauberen Album, die Dubletten geordnet in einem Einsteckbuch. Deshalb bietet Ihnen Zumstein auch eine&nbsp;<a class=\"more\" href=\"https:\/\/www.briefmarken.ch\/de\/produkte\/alben\/\">Mehr<\/a><\/p>\n","protected":false},"author":1,"featured_media":0,"parent":21,"menu_order":11,"comment_status":"closed","ping_status":"closed","template":"page-sidebar.php","meta":{"_acf_changed":false,"footnotes":""},"class_list":["post-104","page","type-page","status-publish","hentry"],"acf":[],"_links":{"self":[{"href":"https:\/\/www.briefmarken.ch\/de\/wp-json\/wp\/v2\/pages\/104","targetHints":{"allow":["GET"]}}],"collection":[{"href":"https:\/\/www.briefmarken.ch\/de\/wp-json\/wp\/v2\/pages"}],"about":[{"href":"https:\/\/www.briefmarken.ch\/de\/wp-json\/wp\/v2\/types\/page"}],"author":[{"embeddable":true,"href":"https:\/\/www.briefmarken.ch\/de\/wp-json\/wp\/v2\/users\/1"}],"replies":[{"embeddable":true,"href":"https:\/\/www.briefmarken.ch\/de\/wp-json\/wp\/v2\/comments?post=104"}],"version-history":[{"count":3,"href":"https:\/\/www.briefmarken.ch\/de\/wp-json\/wp\/v2\/pages\/104\/revisions"}],"predecessor-version":[{"id":300,"href":"https:\/\/www.briefmarken.ch\/de\/wp-json\/wp\/v2\/pages\/104\/revisions\/300"}],"up":[{"embeddable":true,"href":"https:\/\/www.briefmarken.ch\/de\/wp-json\/wp\/v2\/pages\/21"}],"wp:attachment":[{"href":"https:\/\/www.briefmarken.ch\/de\/wp-json\/wp\/v2\/media?parent=104"}],"curies":[{"name":"wp","href":"https:\/\/api.w.org\/{rel}","templated":true}]}}